{"id":12096,"date":"2026-04-20T10:58:50","date_gmt":"2026-04-20T10:58:50","guid":{"rendered":"https:\/\/hammocknest.com\/sl\/?post_type=product&#038;p=12096"},"modified":"2026-04-20T11:02:09","modified_gmt":"2026-04-20T11:02:09","slug":"prikljucek-za-hamak-na-drevesu-yeadmal-stojalo-za-plasce","status":"publish","type":"product","link":"https:\/\/hammocknest.com\/sl\/product\/prikljucek-za-hamak-na-drevesu-yeadmal-stojalo-za-plasce\/","title":{"rendered":"Priklju\u010dek za Hamak na Drevesu | YeadMal &#8211; Stojalo za Pla\u0161\u010de"},"content":{"rendered":"","protected":false},"excerpt":{"rendered":"","protected":false},"featured_media":12385,"comment_status":"closed","ping_status":"closed","template":"","meta":[],"product_brand":[],"product_cat":[289],"product_tag":[280],"class_list":{"0":"post-12096","1":"product","2":"type-product","3":"status-publish","4":"has-post-thumbnail","6":"product_cat-hammoki-na-stojalu","7":"product_tag-fixation-hamac","9":"first","10":"instock","11":"taxable","12":"shipping-taxable","13":"purchasable","14":"product-type-simple"},"_links":{"self":[{"href":"https:\/\/hammocknest.com\/sl\/wp-json\/wp\/v2\/product\/12096","targetHints":{"allow":["GET"]}}],"collection":[{"href":"https:\/\/hammocknest.com\/sl\/wp-json\/wp\/v2\/product"}],"about":[{"href":"https:\/\/hammocknest.com\/sl\/wp-json\/wp\/v2\/types\/product"}],"replies":[{"embeddable":true,"href":"https:\/\/hammocknest.com\/sl\/wp-json\/wp\/v2\/comments?post=12096"}],"wp:featuredmedia":[{"embeddable":true,"href":"https:\/\/hammocknest.com\/sl\/wp-json\/wp\/v2\/media\/12385"}],"wp:attachment":[{"href":"https:\/\/hammocknest.com\/sl\/wp-json\/wp\/v2\/media?parent=12096"}],"wp:term":[{"taxonomy":"product_brand","embeddable":true,"href":"https:\/\/hammocknest.com\/sl\/wp-json\/wp\/v2\/product_brand?post=12096"},{"taxonomy":"product_cat","embeddable":true,"href":"https:\/\/hammocknest.com\/sl\/wp-json\/wp\/v2\/product_cat?post=12096"},{"taxonomy":"product_tag","embeddable":true,"href":"https:\/\/hammocknest.com\/sl\/wp-json\/wp\/v2\/product_tag?post=12096"}],"curies":[{"name":"wp","href":"https:\/\/api.w.org\/{rel}","templated":true}]}}