{"id":12092,"date":"2026-04-20T10:58:48","date_gmt":"2026-04-20T10:58:48","guid":{"rendered":"https:\/\/hammocknest.com\/sl\/?post_type=product&#038;p=12092"},"modified":"2026-04-20T11:09:48","modified_gmt":"2026-04-20T11:09:48","slug":"elektricna-viseca-mreza-za-macke-na-radiator-heat","status":"publish","type":"product","link":"https:\/\/hammocknest.com\/sl\/product\/elektricna-viseca-mreza-za-macke-na-radiator-heat\/","title":{"rendered":"Elektri\u010dna vise\u010da mre\u017ea za ma\u010dke na radiator | Heat"},"content":{"rendered":"","protected":false},"excerpt":{"rendered":"","protected":false},"featured_media":12381,"comment_status":"closed","ping_status":"closed","template":"","meta":[],"product_brand":[],"product_cat":[298,295],"product_tag":[288],"class_list":{"0":"post-12092","1":"product","2":"type-product","3":"status-publish","4":"has-post-thumbnail","6":"product_cat-hammoki-za-macke","7":"product_cat-hammoki-za-radiator","8":"product_tag-hamac-radiateur-chat","10":"first","11":"instock","12":"taxable","13":"shipping-taxable","14":"purchasable","15":"product-type-variable"},"_links":{"self":[{"href":"https:\/\/hammocknest.com\/sl\/wp-json\/wp\/v2\/product\/12092","targetHints":{"allow":["GET"]}}],"collection":[{"href":"https:\/\/hammocknest.com\/sl\/wp-json\/wp\/v2\/product"}],"about":[{"href":"https:\/\/hammocknest.com\/sl\/wp-json\/wp\/v2\/types\/product"}],"replies":[{"embeddable":true,"href":"https:\/\/hammocknest.com\/sl\/wp-json\/wp\/v2\/comments?post=12092"}],"wp:featuredmedia":[{"embeddable":true,"href":"https:\/\/hammocknest.com\/sl\/wp-json\/wp\/v2\/media\/12381"}],"wp:attachment":[{"href":"https:\/\/hammocknest.com\/sl\/wp-json\/wp\/v2\/media?parent=12092"}],"wp:term":[{"taxonomy":"product_brand","embeddable":true,"href":"https:\/\/hammocknest.com\/sl\/wp-json\/wp\/v2\/product_brand?post=12092"},{"taxonomy":"product_cat","embeddable":true,"href":"https:\/\/hammocknest.com\/sl\/wp-json\/wp\/v2\/product_cat?post=12092"},{"taxonomy":"product_tag","embeddable":true,"href":"https:\/\/hammocknest.com\/sl\/wp-json\/wp\/v2\/product_tag?post=12092"}],"curies":[{"name":"wp","href":"https:\/\/api.w.org\/{rel}","templated":true}]}}