{"id":12089,"date":"2026-04-20T10:58:47","date_gmt":"2026-04-20T10:58:47","guid":{"rendered":"https:\/\/hammocknest.com\/sl\/?post_type=product&#038;p=12089"},"modified":"2026-04-20T11:02:01","modified_gmt":"2026-04-20T11:02:01","slug":"hamak-za-macke-na-radiator-zen-udobno-za-vasega-macka","status":"publish","type":"product","link":"https:\/\/hammocknest.com\/sl\/product\/hamak-za-macke-na-radiator-zen-udobno-za-vasega-macka\/","title":{"rendered":"Hamak za Ma\u010dke na Radiator | Zen &#8211; Udobno za Va\u0161ega Ma\u010dka"},"content":{"rendered":"","protected":false},"excerpt":{"rendered":"","protected":false},"featured_media":12378,"comment_status":"closed","ping_status":"closed","template":"","meta":[],"product_brand":[],"product_cat":[298,295],"product_tag":[288],"class_list":{"0":"post-12089","1":"product","2":"type-product","3":"status-publish","4":"has-post-thumbnail","6":"product_cat-hammoki-za-macke","7":"product_cat-hammoki-za-radiator","8":"product_tag-hamac-radiateur-chat","10":"first","11":"instock","12":"taxable","13":"shipping-taxable","14":"purchasable","15":"product-type-simple"},"_links":{"self":[{"href":"https:\/\/hammocknest.com\/sl\/wp-json\/wp\/v2\/product\/12089","targetHints":{"allow":["GET"]}}],"collection":[{"href":"https:\/\/hammocknest.com\/sl\/wp-json\/wp\/v2\/product"}],"about":[{"href":"https:\/\/hammocknest.com\/sl\/wp-json\/wp\/v2\/types\/product"}],"replies":[{"embeddable":true,"href":"https:\/\/hammocknest.com\/sl\/wp-json\/wp\/v2\/comments?post=12089"}],"wp:featuredmedia":[{"embeddable":true,"href":"https:\/\/hammocknest.com\/sl\/wp-json\/wp\/v2\/media\/12378"}],"wp:attachment":[{"href":"https:\/\/hammocknest.com\/sl\/wp-json\/wp\/v2\/media?parent=12089"}],"wp:term":[{"taxonomy":"product_brand","embeddable":true,"href":"https:\/\/hammocknest.com\/sl\/wp-json\/wp\/v2\/product_brand?post=12089"},{"taxonomy":"product_cat","embeddable":true,"href":"https:\/\/hammocknest.com\/sl\/wp-json\/wp\/v2\/product_cat?post=12089"},{"taxonomy":"product_tag","embeddable":true,"href":"https:\/\/hammocknest.com\/sl\/wp-json\/wp\/v2\/product_tag?post=12089"}],"curies":[{"name":"wp","href":"https:\/\/api.w.org\/{rel}","templated":true}]}}