{"id":12073,"date":"2026-04-20T10:58:43","date_gmt":"2026-04-20T10:58:43","guid":{"rendered":"https:\/\/hammocknest.com\/sl\/?post_type=product&#038;p=12073"},"modified":"2026-04-20T11:09:45","modified_gmt":"2026-04-20T11:09:45","slug":"hamac-za-macke-pongo-popoln-za-vaso-dvosedezno-sofo","status":"publish","type":"product","link":"https:\/\/hammocknest.com\/sl\/product\/hamac-za-macke-pongo-popoln-za-vaso-dvosedezno-sofo\/","title":{"rendered":"Hamac za Ma\u010dke | Pongo &#8211; Popoln za Va\u0161o Dvosede\u017eno Sofo"},"content":{"rendered":"","protected":false},"excerpt":{"rendered":"","protected":false},"featured_media":12362,"comment_status":"closed","ping_status":"closed","template":"","meta":[],"product_brand":[],"product_cat":[290],"product_tag":[284],"class_list":{"0":"post-12073","1":"product","2":"type-product","3":"status-publish","4":"has-post-thumbnail","6":"product_cat-dvojniki-hammoki","7":"product_tag-hamac-pour-chat","9":"first","10":"instock","11":"taxable","12":"shipping-taxable","13":"purchasable","14":"product-type-variable"},"_links":{"self":[{"href":"https:\/\/hammocknest.com\/sl\/wp-json\/wp\/v2\/product\/12073","targetHints":{"allow":["GET"]}}],"collection":[{"href":"https:\/\/hammocknest.com\/sl\/wp-json\/wp\/v2\/product"}],"about":[{"href":"https:\/\/hammocknest.com\/sl\/wp-json\/wp\/v2\/types\/product"}],"replies":[{"embeddable":true,"href":"https:\/\/hammocknest.com\/sl\/wp-json\/wp\/v2\/comments?post=12073"}],"wp:featuredmedia":[{"embeddable":true,"href":"https:\/\/hammocknest.com\/sl\/wp-json\/wp\/v2\/media\/12362"}],"wp:attachment":[{"href":"https:\/\/hammocknest.com\/sl\/wp-json\/wp\/v2\/media?parent=12073"}],"wp:term":[{"taxonomy":"product_brand","embeddable":true,"href":"https:\/\/hammocknest.com\/sl\/wp-json\/wp\/v2\/product_brand?post=12073"},{"taxonomy":"product_cat","embeddable":true,"href":"https:\/\/hammocknest.com\/sl\/wp-json\/wp\/v2\/product_cat?post=12073"},{"taxonomy":"product_tag","embeddable":true,"href":"https:\/\/hammocknest.com\/sl\/wp-json\/wp\/v2\/product_tag?post=12073"}],"curies":[{"name":"wp","href":"https:\/\/api.w.org\/{rel}","templated":true}]}}