{"id":12048,"date":"2026-04-20T10:58:36","date_gmt":"2026-04-20T10:58:36","guid":{"rendered":"https:\/\/hammocknest.com\/sl\/?post_type=product&#038;p=12048"},"modified":"2026-04-20T11:09:43","modified_gmt":"2026-04-20T11:09:43","slug":"mrezasti-hamak-za-bazene-hetti-popoln-za-vas-napihljiv-sotor","status":"publish","type":"product","link":"https:\/\/hammocknest.com\/sl\/product\/mrezasti-hamak-za-bazene-hetti-popoln-za-vas-napihljiv-sotor\/","title":{"rendered":"Mre\u017easti Hamak za Bazene | Hetti &#8211; Popoln za Va\u0161 Napihljiv \u0160otor"},"content":{"rendered":"","protected":false},"excerpt":{"rendered":"","protected":false},"featured_media":12337,"comment_status":"closed","ping_status":"closed","template":"","meta":[],"product_brand":[],"product_cat":[292],"product_tag":[287],"class_list":{"0":"post-12048","1":"product","2":"type-product","3":"status-publish","4":"has-post-thumbnail","6":"product_cat-napihljivi-hammoki","7":"product_tag-hamac-gonflable","9":"first","10":"instock","11":"taxable","12":"shipping-taxable","13":"purchasable","14":"product-type-variable"},"_links":{"self":[{"href":"https:\/\/hammocknest.com\/sl\/wp-json\/wp\/v2\/product\/12048","targetHints":{"allow":["GET"]}}],"collection":[{"href":"https:\/\/hammocknest.com\/sl\/wp-json\/wp\/v2\/product"}],"about":[{"href":"https:\/\/hammocknest.com\/sl\/wp-json\/wp\/v2\/types\/product"}],"replies":[{"embeddable":true,"href":"https:\/\/hammocknest.com\/sl\/wp-json\/wp\/v2\/comments?post=12048"}],"wp:featuredmedia":[{"embeddable":true,"href":"https:\/\/hammocknest.com\/sl\/wp-json\/wp\/v2\/media\/12337"}],"wp:attachment":[{"href":"https:\/\/hammocknest.com\/sl\/wp-json\/wp\/v2\/media?parent=12048"}],"wp:term":[{"taxonomy":"product_brand","embeddable":true,"href":"https:\/\/hammocknest.com\/sl\/wp-json\/wp\/v2\/product_brand?post=12048"},{"taxonomy":"product_cat","embeddable":true,"href":"https:\/\/hammocknest.com\/sl\/wp-json\/wp\/v2\/product_cat?post=12048"},{"taxonomy":"product_tag","embeddable":true,"href":"https:\/\/hammocknest.com\/sl\/wp-json\/wp\/v2\/product_tag?post=12048"}],"curies":[{"name":"wp","href":"https:\/\/api.w.org\/{rel}","templated":true}]}}