{"id":12012,"date":"2026-04-20T10:58:24","date_gmt":"2026-04-20T10:58:24","guid":{"rendered":"https:\/\/hammocknest.com\/sl\/?post_type=product&#038;p=12012"},"modified":"2026-04-20T11:09:36","modified_gmt":"2026-04-20T11:09:36","slug":"viseca-mreza-z-mrezo-proti-komarjem-in-dezno-prevleko-orso","status":"publish","type":"product","link":"https:\/\/hammocknest.com\/sl\/product\/viseca-mreza-z-mrezo-proti-komarjem-in-dezno-prevleko-orso\/","title":{"rendered":"Vise\u010da mre\u017ea z mre\u017eo proti komarjem in de\u017eno prevleko | Orso"},"content":{"rendered":"","protected":false},"excerpt":{"rendered":"","protected":false},"featured_media":12301,"comment_status":"closed","ping_status":"closed","template":"","meta":[],"product_brand":[],"product_cat":[],"product_tag":[281],"class_list":{"0":"post-12012","1":"product","2":"type-product","3":"status-publish","4":"has-post-thumbnail","6":"product_tag-hamac-moustiquaire","8":"first","9":"instock","10":"taxable","11":"shipping-taxable","12":"purchasable","13":"product-type-variable"},"_links":{"self":[{"href":"https:\/\/hammocknest.com\/sl\/wp-json\/wp\/v2\/product\/12012","targetHints":{"allow":["GET"]}}],"collection":[{"href":"https:\/\/hammocknest.com\/sl\/wp-json\/wp\/v2\/product"}],"about":[{"href":"https:\/\/hammocknest.com\/sl\/wp-json\/wp\/v2\/types\/product"}],"replies":[{"embeddable":true,"href":"https:\/\/hammocknest.com\/sl\/wp-json\/wp\/v2\/comments?post=12012"}],"wp:featuredmedia":[{"embeddable":true,"href":"https:\/\/hammocknest.com\/sl\/wp-json\/wp\/v2\/media\/12301"}],"wp:attachment":[{"href":"https:\/\/hammocknest.com\/sl\/wp-json\/wp\/v2\/media?parent=12012"}],"wp:term":[{"taxonomy":"product_brand","embeddable":true,"href":"https:\/\/hammocknest.com\/sl\/wp-json\/wp\/v2\/product_brand?post=12012"},{"taxonomy":"product_cat","embeddable":true,"href":"https:\/\/hammocknest.com\/sl\/wp-json\/wp\/v2\/product_cat?post=12012"},{"taxonomy":"product_tag","embeddable":true,"href":"https:\/\/hammocknest.com\/sl\/wp-json\/wp\/v2\/product_tag?post=12012"}],"curies":[{"name":"wp","href":"https:\/\/api.w.org\/{rel}","templated":true}]}}