{"id":12011,"date":"2026-04-20T10:58:24","date_gmt":"2026-04-20T10:58:24","guid":{"rendered":"https:\/\/hammocknest.com\/sl\/?post_type=product&#038;p=12011"},"modified":"2026-04-25T20:58:51","modified_gmt":"2026-04-25T20:58:51","slug":"rando-hamaka-indigo-vas-popoln-zunanji-sopotnik","status":"publish","type":"product","link":"https:\/\/hammocknest.com\/sl\/product\/rando-hamaka-indigo-vas-popoln-zunanji-sopotnik\/","title":{"rendered":"Rando Hamaka | Indigo &#8211; Va\u0161 Popoln Zunanji Sopotnik"},"content":{"rendered":"<p>Odlo\u010dite se za vise\u010do mre\u017eo Rando: udobje in vsestranskost med pohodni\u0161tvom. Spremenite vsak izlet v umirjeno in udobno avanturo. Lastnosti: Visokokakovostno najlonsko platno Lahka, robustna in udobna Vgrajena mre\u017ea proti komarjem Tehnologija proti prevra\u010danju Vzdr\u017eljivi pritrdilni stebri iz aluminijeve zlitine Mere: 270 x 140 cm Najve\u010dja obremenitev: 200 kg Te\u017ea kompleta \u2248 1 kg Prilo\u017een je celoten komplet za namestitev Na\u0161a vise\u010da mre\u017ea Rando je \u010dude\u017e in\u017eenirstva, ki zdru\u017euje prakti\u010dnost, udobje in varnost. Njegova namestitev je otro\u0161ka igra: obesite ga kot tradicionalno vise\u010do mre\u017eo, vstavite dve aluminijasti palici za podporo za\u0161\u010ditne mre\u017ee, pritrdite elasti\u010dne vrvi in \u200b\u200bvoil\u00e0! U\u017eivajte v nepozabnih trenutkih, ne glede na to, ali visite med dvema drevesoma ali udobno sedite na tleh. Zaradi lahke in prenosne zasnove je idealen za pohodni\u0161tvo, kampiranje ali celo doma\u010do uporabo. Velik notranji prostor vam omogo\u010da, da se pretegnete in sprostite v miru. Funkcija proti prevrnitvi je velik plus: odprite zadrgo, prilagodite mre\u017eo in lahko u\u017eivate v vise\u010di mre\u017ei brez strahu pred padcem. Lahka, prenosna in prostorsko var\u010dna, na\u0161a vise\u010da mre\u017ea za nahrbtnik je popolna za pohodnike, kampiste ali celo tiste, ki \u017eelijo svojemu doma\u010demu prostoru dodati pridih avanture. Pripravite se na druga\u010dno raziskovanje sveta! \u010ce i\u0161\u010dete robustnost in funkcionalnost v divjini, ne zamudite na\u0161e platnene vise\u010de mre\u017ee s padalom, posebej zasnovane za pustolovce. Za optimalno za\u0161\u010dito pred insekti razi\u0161\u010dite tudi na\u0161o vodilno kolekcijo vise\u010dih mre\u017e z mre\u017eami proti komarjem. Amaccas zagotavlja hitro po\u0161iljanje (72 ur) Brezpla\u010dna standardna dostava! Francoske poprodajne storitve in odzivna slu\u017eba za stranke<\/p>\n","protected":false},"excerpt":{"rendered":"<p>Odlo\u010dite se za vise\u010do mre\u017eo Rando: udobje in vsestranskost med pohodni\u0161tvom. Spremenite vsak izlet v umirjeno in udobno avanturo. Lastnosti: Visokokakovostno najlonsko platno Lahka, robustna in udobna Vgrajena mre\u017ea proti komarjem Tehnologija proti prevra\u010danju Vzdr\u017eljivi pritrdilni stebri iz aluminijeve zlitine Mere: 270 x 140 cm Najve\u010dja obremenitev: 200 kg Te\u017ea kompleta \u2248 1 kg Prilo\u017een [&hellip;]<\/p>\n","protected":false},"featured_media":12300,"comment_status":"closed","ping_status":"closed","template":"","meta":[],"product_brand":[],"product_cat":[],"product_tag":[281],"class_list":{"0":"post-12011","1":"product","2":"type-product","3":"status-publish","4":"has-post-thumbnail","6":"product_tag-hamac-moustiquaire","8":"first","9":"instock","10":"taxable","11":"shipping-taxable","12":"purchasable","13":"product-type-variable"},"_links":{"self":[{"href":"https:\/\/hammocknest.com\/sl\/wp-json\/wp\/v2\/product\/12011","targetHints":{"allow":["GET"]}}],"collection":[{"href":"https:\/\/hammocknest.com\/sl\/wp-json\/wp\/v2\/product"}],"about":[{"href":"https:\/\/hammocknest.com\/sl\/wp-json\/wp\/v2\/types\/product"}],"replies":[{"embeddable":true,"href":"https:\/\/hammocknest.com\/sl\/wp-json\/wp\/v2\/comments?post=12011"}],"wp:featuredmedia":[{"embeddable":true,"href":"https:\/\/hammocknest.com\/sl\/wp-json\/wp\/v2\/media\/12300"}],"wp:attachment":[{"href":"https:\/\/hammocknest.com\/sl\/wp-json\/wp\/v2\/media?parent=12011"}],"wp:term":[{"taxonomy":"product_brand","embeddable":true,"href":"https:\/\/hammocknest.com\/sl\/wp-json\/wp\/v2\/product_brand?post=12011"},{"taxonomy":"product_cat","embeddable":true,"href":"https:\/\/hammocknest.com\/sl\/wp-json\/wp\/v2\/product_cat?post=12011"},{"taxonomy":"product_tag","embeddable":true,"href":"https:\/\/hammocknest.com\/sl\/wp-json\/wp\/v2\/product_tag?post=12011"}],"curies":[{"name":"wp","href":"https:\/\/api.w.org\/{rel}","templated":true}]}}