{"id":11999,"date":"2026-04-20T10:58:19","date_gmt":"2026-04-20T10:58:19","guid":{"rendered":"https:\/\/hammocknest.com\/sl\/?post_type=product&#038;p=11999"},"modified":"2026-04-20T11:00:55","modified_gmt":"2026-04-20T11:00:55","slug":"stenska-mreza-za-lezanje-macka-ushi-popolna-za-vase-okenske-sencila","status":"publish","type":"product","link":"https:\/\/hammocknest.com\/sl\/product\/stenska-mreza-za-lezanje-macka-ushi-popolna-za-vase-okenske-sencila\/","title":{"rendered":"Stenska Mre\u017ea za Le\u017eanje Ma\u010dka | Ushi &#8211; Popolna za Va\u0161e Okenske Sen\u010dila"},"content":{"rendered":"","protected":false},"excerpt":{"rendered":"","protected":false},"featured_media":12288,"comment_status":"closed","ping_status":"closed","template":"","meta":[],"product_brand":[],"product_cat":[294,299],"product_tag":[284],"class_list":{"0":"post-11999","1":"product","2":"type-product","3":"status-publish","4":"has-post-thumbnail","6":"product_cat-okenski-hammoki","7":"product_cat-okenski-macji-hammoki","8":"product_tag-hamac-pour-chat","10":"first","11":"instock","12":"taxable","13":"shipping-taxable","14":"purchasable","15":"product-type-simple"},"_links":{"self":[{"href":"https:\/\/hammocknest.com\/sl\/wp-json\/wp\/v2\/product\/11999","targetHints":{"allow":["GET"]}}],"collection":[{"href":"https:\/\/hammocknest.com\/sl\/wp-json\/wp\/v2\/product"}],"about":[{"href":"https:\/\/hammocknest.com\/sl\/wp-json\/wp\/v2\/types\/product"}],"replies":[{"embeddable":true,"href":"https:\/\/hammocknest.com\/sl\/wp-json\/wp\/v2\/comments?post=11999"}],"wp:featuredmedia":[{"embeddable":true,"href":"https:\/\/hammocknest.com\/sl\/wp-json\/wp\/v2\/media\/12288"}],"wp:attachment":[{"href":"https:\/\/hammocknest.com\/sl\/wp-json\/wp\/v2\/media?parent=11999"}],"wp:term":[{"taxonomy":"product_brand","embeddable":true,"href":"https:\/\/hammocknest.com\/sl\/wp-json\/wp\/v2\/product_brand?post=11999"},{"taxonomy":"product_cat","embeddable":true,"href":"https:\/\/hammocknest.com\/sl\/wp-json\/wp\/v2\/product_cat?post=11999"},{"taxonomy":"product_tag","embeddable":true,"href":"https:\/\/hammocknest.com\/sl\/wp-json\/wp\/v2\/product_tag?post=11999"}],"curies":[{"name":"wp","href":"https:\/\/api.w.org\/{rel}","templated":true}]}}