{"id":11959,"date":"2026-04-20T10:58:03","date_gmt":"2026-04-20T10:58:03","guid":{"rendered":"https:\/\/hammocknest.com\/sl\/?post_type=product&#038;p=11959"},"modified":"2026-04-25T20:58:48","modified_gmt":"2026-04-25T20:58:48","slug":"otroska-viseca-mreza-lola-idealna-za-igro","status":"publish","type":"product","link":"https:\/\/hammocknest.com\/sl\/product\/otroska-viseca-mreza-lola-idealna-za-igro\/","title":{"rendered":"Otro\u0161ka vise\u010da mre\u017ea | Lola &#8211; Idealna za igro"},"content":{"rendered":"<p>Ujemite edinstvene trenutke z vise\u010do mre\u017eo Baby Net, popolno za fotografiranje. Varnost in mehkoba za nepozabne spomine. Zna\u010dilnosti: ro\u010dno izdelana, vrhunska kakovost. Zgo\u0161\u010dena volna, maksimalno udobje. Za dojen\u010dke 0-6 mesecev. Vsestranski za vse dekorje. Enostavna in hitra namestitev. Dol\u017eina: 160 cm Odkrijte na\u0161o Baby Net Hammock, nepogre\u0161ljiv pripomo\u010dek za fotografiranje novorojen\u010dkov, zasnovano posebej za zajemanje prvih dragocenih trenutkov \u017eivljenja va\u0161ega dojen\u010dka. Ta vise\u010da mre\u017ea, ro\u010dno tkana z odebeljeno volno, ponuja neprimerljivo udobje in mehkobo ter zagotavlja varnost in dobro po\u010dutje va\u0161ega otroka med fotografiranjem. Na\u0161 edinstven ro\u010dno izdelan izdelek je zaradi svoje vrhunske kakovosti in o\u010darljive estetike najprimernej\u0161a izbira profesionalnih foto studiev. Ta mre\u017easta vise\u010da mre\u017ea za dojen\u010dke je kot nala\u0161\u010d za dojen\u010dke, stare od 0 do 6 mesecev, in omogo\u010da ustvarjanje o\u010darljivih nastavitev in naravnih poz ter vsakemu posnetku doda kan\u010dek \u010darobnosti. Otrokom prijazen in enostaven za uporabo vsako fotografiranje spremeni v nepozabno do\u017eivetje. Ne glede na to, ali ste profesionalni fotograf, ki i\u0161\u010de edinstvene dodatke za foto studio, ali star\u0161, ki \u017eeli ujeti lepoto svojega novorojen\u010dka, je na\u0161a otro\u0161ka vise\u010da mre\u017ea pripomo\u010dek, ki ga potrebujete. \u010ce i\u0161\u010dete mehkobo in spokojnost za trenutke po\u010ditka va\u0161ega dojen\u010dka, ne zamudite na\u0161e vise\u010de mre\u017ee za kopanje, posebej zasnovane za najmlaj\u0161e. Da zagotovite miren in za\u0161\u010diten spanec, razi\u0161\u010dite tudi na\u0161o ekskluzivno ponudbo otro\u0161kih vise\u010dih mre\u017e, idealnih za va\u0161ega otroka. Amaccas zagotavlja hitro po\u0161iljanje (72 ur) Brezpla\u010dna standardna dostava! Francoske poprodajne storitve in odzivna slu\u017eba za stranke<\/p>\n","protected":false},"excerpt":{"rendered":"<p>Ujemite edinstvene trenutke z vise\u010do mre\u017eo Baby Net, popolno za fotografiranje. Varnost in mehkoba za nepozabne spomine. Zna\u010dilnosti: ro\u010dno izdelana, vrhunska kakovost. Zgo\u0161\u010dena volna, maksimalno udobje. Za dojen\u010dke 0-6 mesecev. Vsestranski za vse dekorje. Enostavna in hitra namestitev. Dol\u017eina: 160 cm Odkrijte na\u0161o Baby Net Hammock, nepogre\u0161ljiv pripomo\u010dek za fotografiranje novorojen\u010dkov, zasnovano posebej za zajemanje [&hellip;]<\/p>\n","protected":false},"featured_media":12248,"comment_status":"closed","ping_status":"closed","template":"","meta":[],"product_brand":[],"product_cat":[],"product_tag":[285],"class_list":{"0":"post-11959","1":"product","2":"type-product","3":"status-publish","4":"has-post-thumbnail","6":"product_tag-hamac-bebe","8":"first","9":"instock","10":"taxable","11":"shipping-taxable","12":"purchasable","13":"product-type-variable"},"_links":{"self":[{"href":"https:\/\/hammocknest.com\/sl\/wp-json\/wp\/v2\/product\/11959","targetHints":{"allow":["GET"]}}],"collection":[{"href":"https:\/\/hammocknest.com\/sl\/wp-json\/wp\/v2\/product"}],"about":[{"href":"https:\/\/hammocknest.com\/sl\/wp-json\/wp\/v2\/types\/product"}],"replies":[{"embeddable":true,"href":"https:\/\/hammocknest.com\/sl\/wp-json\/wp\/v2\/comments?post=11959"}],"wp:featuredmedia":[{"embeddable":true,"href":"https:\/\/hammocknest.com\/sl\/wp-json\/wp\/v2\/media\/12248"}],"wp:attachment":[{"href":"https:\/\/hammocknest.com\/sl\/wp-json\/wp\/v2\/media?parent=11959"}],"wp:term":[{"taxonomy":"product_brand","embeddable":true,"href":"https:\/\/hammocknest.com\/sl\/wp-json\/wp\/v2\/product_brand?post=11959"},{"taxonomy":"product_cat","embeddable":true,"href":"https:\/\/hammocknest.com\/sl\/wp-json\/wp\/v2\/product_cat?post=11959"},{"taxonomy":"product_tag","embeddable":true,"href":"https:\/\/hammocknest.com\/sl\/wp-json\/wp\/v2\/product_tag?post=11959"}],"curies":[{"name":"wp","href":"https:\/\/api.w.org\/{rel}","templated":true}]}}