{"id":11958,"date":"2026-04-20T10:58:02","date_gmt":"2026-04-20T10:58:02","guid":{"rendered":"https:\/\/hammocknest.com\/sl\/?post_type=product&#038;p=11958"},"modified":"2026-04-25T20:58:48","modified_gmt":"2026-04-25T20:58:48","slug":"otroski-zracni-hamak-angel-idealna-igraca-za-dojencke","status":"publish","type":"product","link":"https:\/\/hammocknest.com\/sl\/product\/otroski-zracni-hamak-angel-idealna-igraca-za-dojencke\/","title":{"rendered":"Otro\u0161ki Zra\u010dni Hamak | Angel &#8211; Idealna Igra\u010da za Dojen\u010dke"},"content":{"rendered":"<p>Potujte mirno z vise\u010do mre\u017eo Baby Airplane: udobje in varnost za va\u0161ega otroka na vi\u0161ini. Idealna re\u0161itev za mirne lete. Lastnosti: Integriran varnostni pas Pritrditev, ki je prilagodljiva ve\u010dini letalskih sede\u017eev Prilo\u017eena torba za shranjevanje Kakovostni materiali za udobje in vzdr\u017eljivost Enostavna in hitra namestitev Lahek in kompakten Idealen za potovanje z otroki Mere: 79 x 44 cm Spremenite vsako potovanje z letalom z otrokom v udobno izku\u0161njo z na\u0161o Baby Airplane Hammock. Ta revolucionarna naprava spremeni letalski sede\u017e v varno in prijetno mesto za va\u0161ega otroka, ki mu omogo\u010da popoln po\u010ditek ali igro, zahvaljujo\u010d vgrajenemu varnostnemu pasu. Njegov univerzalni sistem pritrditve omogo\u010da zdru\u017eljivost z ve\u010dino letalskih sede\u017eev, kar zagotavlja enostavno namestitev in optimalno varnost med letom. Poleg tega je tej vise\u010di mre\u017ei prilo\u017eena prakti\u010dna torba za shranjevanje, ki olaj\u0161a prena\u0161anje in je idealen pripomo\u010dek za potovanja za dru\u017eine. Zasnovan iz vrhunskih materialov, zagotavlja vzdr\u017eljivost in udobje za va\u0161ega otroka. Na\u0161a vise\u010da mre\u017ea Baby Airplane Hammock, ki je na voljo v ve\u010d barvah, se prilagodi va\u0161emu osebnemu slogu in je odli\u010dno darilo za potujo\u010de star\u0161e, ki \u017eelijo svojim otrokom omogo\u010diti spro\u0161\u010deno potovanje brez stresa. \u010ce i\u0161\u010dete mehkobo in spokojnost za trenutke po\u010ditka va\u0161ega dojen\u010dka, ne zamudite na\u0161e vise\u010de mre\u017ee za dojen\u010dke, posebej zasnovane za najmlaj\u0161e. Da zagotovite miren in za\u0161\u010diten spanec, razi\u0161\u010dite tudi na\u0161o ekskluzivno ponudbo otro\u0161kih vise\u010dih mre\u017e, idealnih za va\u0161ega otroka. Amaccas zagotavlja hitro po\u0161iljanje (72 ur) Brezpla\u010dna standardna dostava! Francoske poprodajne storitve in odzivna slu\u017eba za stranke<\/p>\n","protected":false},"excerpt":{"rendered":"<p>Potujte mirno z vise\u010do mre\u017eo Baby Airplane: udobje in varnost za va\u0161ega otroka na vi\u0161ini. Idealna re\u0161itev za mirne lete. Lastnosti: Integriran varnostni pas Pritrditev, ki je prilagodljiva ve\u010dini letalskih sede\u017eev Prilo\u017eena torba za shranjevanje Kakovostni materiali za udobje in vzdr\u017eljivost Enostavna in hitra namestitev Lahek in kompakten Idealen za potovanje z otroki Mere: 79 [&hellip;]<\/p>\n","protected":false},"featured_media":12247,"comment_status":"closed","ping_status":"closed","template":"","meta":[],"product_brand":[],"product_cat":[],"product_tag":[285],"class_list":{"0":"post-11958","1":"product","2":"type-product","3":"status-publish","4":"has-post-thumbnail","6":"product_tag-hamac-bebe","8":"first","9":"instock","10":"taxable","11":"shipping-taxable","12":"purchasable","13":"product-type-variable"},"_links":{"self":[{"href":"https:\/\/hammocknest.com\/sl\/wp-json\/wp\/v2\/product\/11958","targetHints":{"allow":["GET"]}}],"collection":[{"href":"https:\/\/hammocknest.com\/sl\/wp-json\/wp\/v2\/product"}],"about":[{"href":"https:\/\/hammocknest.com\/sl\/wp-json\/wp\/v2\/types\/product"}],"replies":[{"embeddable":true,"href":"https:\/\/hammocknest.com\/sl\/wp-json\/wp\/v2\/comments?post=11958"}],"wp:featuredmedia":[{"embeddable":true,"href":"https:\/\/hammocknest.com\/sl\/wp-json\/wp\/v2\/media\/12247"}],"wp:attachment":[{"href":"https:\/\/hammocknest.com\/sl\/wp-json\/wp\/v2\/media?parent=11958"}],"wp:term":[{"taxonomy":"product_brand","embeddable":true,"href":"https:\/\/hammocknest.com\/sl\/wp-json\/wp\/v2\/product_brand?post=11958"},{"taxonomy":"product_cat","embeddable":true,"href":"https:\/\/hammocknest.com\/sl\/wp-json\/wp\/v2\/product_cat?post=11958"},{"taxonomy":"product_tag","embeddable":true,"href":"https:\/\/hammocknest.com\/sl\/wp-json\/wp\/v2\/product_tag?post=11958"}],"curies":[{"name":"wp","href":"https:\/\/api.w.org\/{rel}","templated":true}]}}