{"id":11849,"date":"2026-04-20T10:57:28","date_gmt":"2026-04-20T10:57:28","guid":{"rendered":"https:\/\/hammocknest.com\/sl\/?post_type=product&#038;p=11849"},"modified":"2026-04-20T11:09:27","modified_gmt":"2026-04-20T11:09:27","slug":"hamak-dzungla-divji-popoln-za-vase-ratanove-vrtne-pohistvo","status":"publish","type":"product","link":"https:\/\/hammocknest.com\/sl\/product\/hamak-dzungla-divji-popoln-za-vase-ratanove-vrtne-pohistvo\/","title":{"rendered":"Hamak D\u017eungla | Divji &#8211; Popoln za Va\u0161e Ratanove Vrtne Pohi\u0161tvo"},"content":{"rendered":"","protected":false},"excerpt":{"rendered":"","protected":false},"featured_media":12138,"comment_status":"closed","ping_status":"closed","template":"","meta":[],"product_brand":[],"product_cat":[291],"product_tag":[281],"class_list":{"0":"post-11849","1":"product","2":"type-product","3":"status-publish","4":"has-post-thumbnail","6":"product_cat-vrtni-notranji-hammoki","7":"product_tag-hamac-moustiquaire","9":"first","10":"instock","11":"taxable","12":"shipping-taxable","13":"purchasable","14":"product-type-variable"},"_links":{"self":[{"href":"https:\/\/hammocknest.com\/sl\/wp-json\/wp\/v2\/product\/11849","targetHints":{"allow":["GET"]}}],"collection":[{"href":"https:\/\/hammocknest.com\/sl\/wp-json\/wp\/v2\/product"}],"about":[{"href":"https:\/\/hammocknest.com\/sl\/wp-json\/wp\/v2\/types\/product"}],"replies":[{"embeddable":true,"href":"https:\/\/hammocknest.com\/sl\/wp-json\/wp\/v2\/comments?post=11849"}],"wp:featuredmedia":[{"embeddable":true,"href":"https:\/\/hammocknest.com\/sl\/wp-json\/wp\/v2\/media\/12138"}],"wp:attachment":[{"href":"https:\/\/hammocknest.com\/sl\/wp-json\/wp\/v2\/media?parent=11849"}],"wp:term":[{"taxonomy":"product_brand","embeddable":true,"href":"https:\/\/hammocknest.com\/sl\/wp-json\/wp\/v2\/product_brand?post=11849"},{"taxonomy":"product_cat","embeddable":true,"href":"https:\/\/hammocknest.com\/sl\/wp-json\/wp\/v2\/product_cat?post=11849"},{"taxonomy":"product_tag","embeddable":true,"href":"https:\/\/hammocknest.com\/sl\/wp-json\/wp\/v2\/product_tag?post=11849"}],"curies":[{"name":"wp","href":"https:\/\/api.w.org\/{rel}","templated":true}]}}