{"id":11838,"date":"2026-04-20T10:57:24","date_gmt":"2026-04-20T10:57:24","guid":{"rendered":"https:\/\/hammocknest.com\/sl\/?post_type=product&#038;p=11838"},"modified":"2026-04-20T11:09:26","modified_gmt":"2026-04-20T11:09:26","slug":"macja-hamak-stolica-yuki-idealna-za-vaso-maine-coon-macko","status":"publish","type":"product","link":"https:\/\/hammocknest.com\/sl\/product\/macja-hamak-stolica-yuki-idealna-za-vaso-maine-coon-macko\/","title":{"rendered":"Ma\u010dja Hamak Stolica | Yuki &#8211; Idealna za Va\u0161o Maine Coon Ma\u010dko"},"content":{"rendered":"","protected":false},"excerpt":{"rendered":"","protected":false},"featured_media":12127,"comment_status":"closed","ping_status":"closed","template":"","meta":[],"product_brand":[],"product_cat":[298,293],"product_tag":[284],"class_list":{"0":"post-11838","1":"product","2":"type-product","3":"status-publish","4":"has-post-thumbnail","6":"product_cat-hammoki-za-macke","7":"product_cat-macji-hammoki","8":"product_tag-hamac-pour-chat","10":"first","11":"instock","12":"taxable","13":"shipping-taxable","14":"purchasable","15":"product-type-variable"},"_links":{"self":[{"href":"https:\/\/hammocknest.com\/sl\/wp-json\/wp\/v2\/product\/11838","targetHints":{"allow":["GET"]}}],"collection":[{"href":"https:\/\/hammocknest.com\/sl\/wp-json\/wp\/v2\/product"}],"about":[{"href":"https:\/\/hammocknest.com\/sl\/wp-json\/wp\/v2\/types\/product"}],"replies":[{"embeddable":true,"href":"https:\/\/hammocknest.com\/sl\/wp-json\/wp\/v2\/comments?post=11838"}],"wp:featuredmedia":[{"embeddable":true,"href":"https:\/\/hammocknest.com\/sl\/wp-json\/wp\/v2\/media\/12127"}],"wp:attachment":[{"href":"https:\/\/hammocknest.com\/sl\/wp-json\/wp\/v2\/media?parent=11838"}],"wp:term":[{"taxonomy":"product_brand","embeddable":true,"href":"https:\/\/hammocknest.com\/sl\/wp-json\/wp\/v2\/product_brand?post=11838"},{"taxonomy":"product_cat","embeddable":true,"href":"https:\/\/hammocknest.com\/sl\/wp-json\/wp\/v2\/product_cat?post=11838"},{"taxonomy":"product_tag","embeddable":true,"href":"https:\/\/hammocknest.com\/sl\/wp-json\/wp\/v2\/product_tag?post=11838"}],"curies":[{"name":"wp","href":"https:\/\/api.w.org\/{rel}","templated":true}]}}