{"id":12103,"date":"2026-04-20T11:24:30","date_gmt":"2026-04-20T11:24:30","guid":{"rendered":"https:\/\/hammocknest.com\/sk\/?post_type=product&#038;p=12103"},"modified":"2026-04-20T11:35:38","modified_gmt":"2026-04-20T11:35:38","slug":"hamak-pre-macky-na-prisavkach-leonas-idealny-na-pohlady-z-okna","status":"publish","type":"product","link":"https:\/\/hammocknest.com\/sk\/product\/hamak-pre-macky-na-prisavkach-leonas-idealny-na-pohlady-z-okna\/","title":{"rendered":"Hamak pre ma\u010dky na pr\u00edsavk\u00e1ch | Leonas &#8211; Ide\u00e1lny na poh\u013eady z okna"},"content":{"rendered":"","protected":false},"excerpt":{"rendered":"","protected":false},"featured_media":12392,"comment_status":"closed","ping_status":"closed","template":"","meta":[],"product_brand":[],"product_cat":[298,294],"product_tag":[283],"class_list":{"0":"post-12103","1":"product","2":"type-product","3":"status-publish","4":"has-post-thumbnail","6":"product_cat-hammaky-pre-macky","7":"product_cat-okenne-hammaky","8":"product_tag-hamac-chat-fenetre","10":"first","11":"instock","12":"taxable","13":"shipping-taxable","14":"purchasable","15":"product-type-variable"},"_links":{"self":[{"href":"https:\/\/hammocknest.com\/sk\/wp-json\/wp\/v2\/product\/12103","targetHints":{"allow":["GET"]}}],"collection":[{"href":"https:\/\/hammocknest.com\/sk\/wp-json\/wp\/v2\/product"}],"about":[{"href":"https:\/\/hammocknest.com\/sk\/wp-json\/wp\/v2\/types\/product"}],"replies":[{"embeddable":true,"href":"https:\/\/hammocknest.com\/sk\/wp-json\/wp\/v2\/comments?post=12103"}],"wp:featuredmedia":[{"embeddable":true,"href":"https:\/\/hammocknest.com\/sk\/wp-json\/wp\/v2\/media\/12392"}],"wp:attachment":[{"href":"https:\/\/hammocknest.com\/sk\/wp-json\/wp\/v2\/media?parent=12103"}],"wp:term":[{"taxonomy":"product_brand","embeddable":true,"href":"https:\/\/hammocknest.com\/sk\/wp-json\/wp\/v2\/product_brand?post=12103"},{"taxonomy":"product_cat","embeddable":true,"href":"https:\/\/hammocknest.com\/sk\/wp-json\/wp\/v2\/product_cat?post=12103"},{"taxonomy":"product_tag","embeddable":true,"href":"https:\/\/hammocknest.com\/sk\/wp-json\/wp\/v2\/product_tag?post=12103"}],"curies":[{"name":"wp","href":"https:\/\/api.w.org\/{rel}","templated":true}]}}