{"id":12102,"date":"2026-04-20T11:24:30","date_gmt":"2026-04-20T11:24:30","guid":{"rendered":"https:\/\/hammocknest.com\/sk\/?post_type=product&#038;p=12102"},"modified":"2026-04-20T11:27:58","modified_gmt":"2026-04-20T11:27:58","slug":"dvojity-macaci-hamak-scraper-idealny-pre-vas-maine-coon","status":"publish","type":"product","link":"https:\/\/hammocknest.com\/sk\/product\/dvojity-macaci-hamak-scraper-idealny-pre-vas-maine-coon\/","title":{"rendered":"Dvojit\u00fd Ma\u010dac\u00ed Hamak | Scraper &#8211; Ide\u00e1lny pre v\u00e1\u0161 Maine Coon"},"content":{"rendered":"","protected":false},"excerpt":{"rendered":"","protected":false},"featured_media":12391,"comment_status":"closed","ping_status":"closed","template":"","meta":[],"product_brand":[],"product_cat":[298,293],"product_tag":[283],"class_list":{"0":"post-12102","1":"product","2":"type-product","3":"status-publish","4":"has-post-thumbnail","6":"product_cat-hammaky-pre-macky","7":"product_cat-macacie-hammaky","8":"product_tag-hamac-chat-fenetre","10":"first","11":"instock","12":"taxable","13":"shipping-taxable","14":"purchasable","15":"product-type-simple"},"_links":{"self":[{"href":"https:\/\/hammocknest.com\/sk\/wp-json\/wp\/v2\/product\/12102","targetHints":{"allow":["GET"]}}],"collection":[{"href":"https:\/\/hammocknest.com\/sk\/wp-json\/wp\/v2\/product"}],"about":[{"href":"https:\/\/hammocknest.com\/sk\/wp-json\/wp\/v2\/types\/product"}],"replies":[{"embeddable":true,"href":"https:\/\/hammocknest.com\/sk\/wp-json\/wp\/v2\/comments?post=12102"}],"wp:featuredmedia":[{"embeddable":true,"href":"https:\/\/hammocknest.com\/sk\/wp-json\/wp\/v2\/media\/12391"}],"wp:attachment":[{"href":"https:\/\/hammocknest.com\/sk\/wp-json\/wp\/v2\/media?parent=12102"}],"wp:term":[{"taxonomy":"product_brand","embeddable":true,"href":"https:\/\/hammocknest.com\/sk\/wp-json\/wp\/v2\/product_brand?post=12102"},{"taxonomy":"product_cat","embeddable":true,"href":"https:\/\/hammocknest.com\/sk\/wp-json\/wp\/v2\/product_cat?post=12102"},{"taxonomy":"product_tag","embeddable":true,"href":"https:\/\/hammocknest.com\/sk\/wp-json\/wp\/v2\/product_tag?post=12102"}],"curies":[{"name":"wp","href":"https:\/\/api.w.org\/{rel}","templated":true}]}}