{"id":12096,"date":"2026-04-20T11:24:27","date_gmt":"2026-04-20T11:24:27","guid":{"rendered":"https:\/\/hammocknest.com\/sk\/?post_type=product&#038;p=12096"},"modified":"2026-04-25T20:11:47","modified_gmt":"2026-04-25T20:11:47","slug":"hamak-pre-macky-na-okno-simpleway","status":"publish","type":"product","link":"https:\/\/hammocknest.com\/sk\/product\/hamak-pre-macky-na-okno-simpleway\/","title":{"rendered":"Hamak pre ma\u010dky na okno | SimpleWay"},"content":{"rendered":"<p>T\u00e1to hojdacia sie\u0165 pre ma\u010dky so svoj\u00edm elegantn\u00fdm a \u0161ik \u0161t\u00fdlom vylep\u0161\u00ed okn\u00e1 pod\u013ea v\u00e1\u0161ho v\u00fdberu pre ten najv\u00e4\u010d\u0161\u00ed p\u00f4\u017eitok z va\u0161ej ko\u017eu\u0161inovej gule. Charakteristika: Pripevnen\u00e9 4 pr\u00edsavkami Materi\u00e1ly: Vysoko kvalitn\u00e9 pl\u00e1tno Dod\u00e1van\u00e9 komfortn\u00e9 podlo\u017eky Hmotnos\u0165: do 15 kg Rozmery: 65 x 25 cm Ma\u010dky si radi u\u017e\u00edvaj\u00fa opa\u013eovanie po\u010das sp\u00e1nku. S touto hojdacou sie\u0165ou na okn\u00e1 pre ma\u010dky bude m\u00f4c\u0165 relaxova\u0165 a sn\u00edva\u0165 o svojom \u010fal\u0161om hran\u00ed, pri\u010dom si bude u\u017e\u00edva\u0165 vysok\u00fd v\u00fdh\u013ead a teplo okien pre maxim\u00e1lne pohodlie. Tip Amaccas: Pred in\u0161tal\u00e1ciou namo\u010dte pr\u00edsavky v hor\u00facej vode, aby sa lep\u0161ie uchopili! Ak chcete svojej ma\u010dke poskytn\u00fa\u0165 vyv\u00fd\u0161en\u00e9 miesto a jedine\u010dn\u00fd panoramatick\u00fd v\u00fdh\u013ead na pozorovanie vonku, na\u0161a hojdacia sie\u0165 s oknom pre ma\u010dky vynik\u00e1 ako ide\u00e1lna vo\u013eba pre \u00fa\u017easn\u00e9 v\u00fdh\u013eady. Nev\u00e1hajte a objavte cel\u00fa na\u0161u kolekciu venovan\u00fa hojdac\u00edm sie\u0165am pre ma\u010dky s oknami, ktor\u00e1 pon\u00faka r\u00f4zne vzory, ktor\u00e9 pote\u0161ia v\u00e1\u0161ho mal\u00e9ho dobrodruha. Amacas garantuje r\u00fdchle doru\u010denie (72 hod\u00edn) \u0160tandardn\u00e9 bezplatn\u00e9 doru\u010denie! Franc\u00fazsky popredajn\u00fd servis a citliv\u00fd z\u00e1kazn\u00edcky servis<\/p>\n","protected":false},"excerpt":{"rendered":"<p>T\u00e1to hojdacia sie\u0165 pre ma\u010dky so svoj\u00edm elegantn\u00fdm a \u0161ik \u0161t\u00fdlom vylep\u0161\u00ed okn\u00e1 pod\u013ea v\u00e1\u0161ho v\u00fdberu pre ten najv\u00e4\u010d\u0161\u00ed p\u00f4\u017eitok z va\u0161ej ko\u017eu\u0161inovej gule. Charakteristika: Pripevnen\u00e9 4 pr\u00edsavkami Materi\u00e1ly: Vysoko kvalitn\u00e9 pl\u00e1tno Dod\u00e1van\u00e9 komfortn\u00e9 podlo\u017eky Hmotnos\u0165: do 15 kg Rozmery: 65 x 25 cm Ma\u010dky si radi u\u017e\u00edvaj\u00fa opa\u013eovanie po\u010das sp\u00e1nku. S touto hojdacou sie\u0165ou [&hellip;]<\/p>\n","protected":false},"featured_media":12385,"comment_status":"closed","ping_status":"closed","template":"","meta":[],"product_brand":[],"product_cat":[298,294],"product_tag":[283],"class_list":{"0":"post-12096","1":"product","2":"type-product","3":"status-publish","4":"has-post-thumbnail","6":"product_cat-hammaky-pre-macky","7":"product_cat-okenne-hammaky","8":"product_tag-hamac-chat-fenetre","10":"first","11":"instock","12":"sale","13":"taxable","14":"shipping-taxable","15":"purchasable","16":"product-type-simple"},"_links":{"self":[{"href":"https:\/\/hammocknest.com\/sk\/wp-json\/wp\/v2\/product\/12096","targetHints":{"allow":["GET"]}}],"collection":[{"href":"https:\/\/hammocknest.com\/sk\/wp-json\/wp\/v2\/product"}],"about":[{"href":"https:\/\/hammocknest.com\/sk\/wp-json\/wp\/v2\/types\/product"}],"replies":[{"embeddable":true,"href":"https:\/\/hammocknest.com\/sk\/wp-json\/wp\/v2\/comments?post=12096"}],"wp:featuredmedia":[{"embeddable":true,"href":"https:\/\/hammocknest.com\/sk\/wp-json\/wp\/v2\/media\/12385"}],"wp:attachment":[{"href":"https:\/\/hammocknest.com\/sk\/wp-json\/wp\/v2\/media?parent=12096"}],"wp:term":[{"taxonomy":"product_brand","embeddable":true,"href":"https:\/\/hammocknest.com\/sk\/wp-json\/wp\/v2\/product_brand?post=12096"},{"taxonomy":"product_cat","embeddable":true,"href":"https:\/\/hammocknest.com\/sk\/wp-json\/wp\/v2\/product_cat?post=12096"},{"taxonomy":"product_tag","embeddable":true,"href":"https:\/\/hammocknest.com\/sk\/wp-json\/wp\/v2\/product_tag?post=12096"}],"curies":[{"name":"wp","href":"https:\/\/api.w.org\/{rel}","templated":true}]}}