{"id":12088,"date":"2026-04-20T11:24:23","date_gmt":"2026-04-20T11:24:23","guid":{"rendered":"https:\/\/hammocknest.com\/sk\/?post_type=product&#038;p=12088"},"modified":"2026-04-20T11:35:35","modified_gmt":"2026-04-20T11:35:35","slug":"elektricka-macacia-houpaci-siet-na-radiator-heat","status":"publish","type":"product","link":"https:\/\/hammocknest.com\/sk\/product\/elektricka-macacia-houpaci-siet-na-radiator-heat\/","title":{"rendered":"Elektrick\u00e1 ma\u010dacia houpac\u00ed sie\u0165 na radi\u00e1tor | Heat"},"content":{"rendered":"","protected":false},"excerpt":{"rendered":"","protected":false},"featured_media":12377,"comment_status":"closed","ping_status":"closed","template":"","meta":[],"product_brand":[],"product_cat":[295,298],"product_tag":[288],"class_list":{"0":"post-12088","1":"product","2":"type-product","3":"status-publish","4":"has-post-thumbnail","6":"product_cat-hammaky-na-radiator","7":"product_cat-hammaky-pre-macky","8":"product_tag-hamac-radiateur-chat","10":"first","11":"instock","12":"taxable","13":"shipping-taxable","14":"purchasable","15":"product-type-variable"},"_links":{"self":[{"href":"https:\/\/hammocknest.com\/sk\/wp-json\/wp\/v2\/product\/12088","targetHints":{"allow":["GET"]}}],"collection":[{"href":"https:\/\/hammocknest.com\/sk\/wp-json\/wp\/v2\/product"}],"about":[{"href":"https:\/\/hammocknest.com\/sk\/wp-json\/wp\/v2\/types\/product"}],"replies":[{"embeddable":true,"href":"https:\/\/hammocknest.com\/sk\/wp-json\/wp\/v2\/comments?post=12088"}],"wp:featuredmedia":[{"embeddable":true,"href":"https:\/\/hammocknest.com\/sk\/wp-json\/wp\/v2\/media\/12377"}],"wp:attachment":[{"href":"https:\/\/hammocknest.com\/sk\/wp-json\/wp\/v2\/media?parent=12088"}],"wp:term":[{"taxonomy":"product_brand","embeddable":true,"href":"https:\/\/hammocknest.com\/sk\/wp-json\/wp\/v2\/product_brand?post=12088"},{"taxonomy":"product_cat","embeddable":true,"href":"https:\/\/hammocknest.com\/sk\/wp-json\/wp\/v2\/product_cat?post=12088"},{"taxonomy":"product_tag","embeddable":true,"href":"https:\/\/hammocknest.com\/sk\/wp-json\/wp\/v2\/product_tag?post=12088"}],"curies":[{"name":"wp","href":"https:\/\/api.w.org\/{rel}","templated":true}]}}