{"id":12083,"date":"2026-04-20T11:24:20","date_gmt":"2026-04-20T11:24:20","guid":{"rendered":"https:\/\/hammocknest.com\/sk\/?post_type=product&#038;p=12083"},"modified":"2026-04-20T11:35:35","modified_gmt":"2026-04-20T11:35:35","slug":"hammok-s-integrovanou-sietou-proti-komarom-exoticky-idealny-pre-dvoch","status":"publish","type":"product","link":"https:\/\/hammocknest.com\/sk\/product\/hammok-s-integrovanou-sietou-proti-komarom-exoticky-idealny-pre-dvoch\/","title":{"rendered":"Hammok s integrovanou sie\u0165ou proti kom\u00e1rom | Exotick\u00fd &#8211; Ide\u00e1lny pre dvoch"},"content":{"rendered":"","protected":false},"excerpt":{"rendered":"","protected":false},"featured_media":12372,"comment_status":"closed","ping_status":"closed","template":"","meta":[],"product_brand":[],"product_cat":[290],"product_tag":[281],"class_list":{"0":"post-12083","1":"product","2":"type-product","3":"status-publish","4":"has-post-thumbnail","6":"product_cat-dvojite-hammaky","7":"product_tag-hamac-moustiquaire","9":"first","10":"instock","11":"taxable","12":"shipping-taxable","13":"purchasable","14":"product-type-variable"},"_links":{"self":[{"href":"https:\/\/hammocknest.com\/sk\/wp-json\/wp\/v2\/product\/12083","targetHints":{"allow":["GET"]}}],"collection":[{"href":"https:\/\/hammocknest.com\/sk\/wp-json\/wp\/v2\/product"}],"about":[{"href":"https:\/\/hammocknest.com\/sk\/wp-json\/wp\/v2\/types\/product"}],"replies":[{"embeddable":true,"href":"https:\/\/hammocknest.com\/sk\/wp-json\/wp\/v2\/comments?post=12083"}],"wp:featuredmedia":[{"embeddable":true,"href":"https:\/\/hammocknest.com\/sk\/wp-json\/wp\/v2\/media\/12372"}],"wp:attachment":[{"href":"https:\/\/hammocknest.com\/sk\/wp-json\/wp\/v2\/media?parent=12083"}],"wp:term":[{"taxonomy":"product_brand","embeddable":true,"href":"https:\/\/hammocknest.com\/sk\/wp-json\/wp\/v2\/product_brand?post=12083"},{"taxonomy":"product_cat","embeddable":true,"href":"https:\/\/hammocknest.com\/sk\/wp-json\/wp\/v2\/product_cat?post=12083"},{"taxonomy":"product_tag","embeddable":true,"href":"https:\/\/hammocknest.com\/sk\/wp-json\/wp\/v2\/product_tag?post=12083"}],"curies":[{"name":"wp","href":"https:\/\/api.w.org\/{rel}","templated":true}]}}