{"id":12079,"date":"2026-04-20T11:24:19","date_gmt":"2026-04-20T11:24:19","guid":{"rendered":"https:\/\/hammocknest.com\/sk\/?post_type=product&#038;p=12079"},"modified":"2026-04-20T11:35:34","modified_gmt":"2026-04-20T11:35:34","slug":"hamak-slnko-cime-idealny-pre-vas-stojan-na-kabaty","status":"publish","type":"product","link":"https:\/\/hammocknest.com\/sk\/product\/hamak-slnko-cime-idealny-pre-vas-stojan-na-kabaty\/","title":{"rendered":"Hamak Slnko | Cime &#8211; Ide\u00e1lny pre V\u00e1\u0161 Stojan na Kab\u00e1ty"},"content":{"rendered":"","protected":false},"excerpt":{"rendered":"","protected":false},"featured_media":12368,"comment_status":"closed","ping_status":"closed","template":"","meta":[],"product_brand":[],"product_cat":[289],"product_tag":[281],"class_list":{"0":"post-12079","1":"product","2":"type-product","3":"status-publish","4":"has-post-thumbnail","6":"product_cat-hammaky-na-stojane","7":"product_tag-hamac-moustiquaire","9":"first","10":"instock","11":"sale","12":"taxable","13":"shipping-taxable","14":"purchasable","15":"product-type-variable"},"_links":{"self":[{"href":"https:\/\/hammocknest.com\/sk\/wp-json\/wp\/v2\/product\/12079","targetHints":{"allow":["GET"]}}],"collection":[{"href":"https:\/\/hammocknest.com\/sk\/wp-json\/wp\/v2\/product"}],"about":[{"href":"https:\/\/hammocknest.com\/sk\/wp-json\/wp\/v2\/types\/product"}],"replies":[{"embeddable":true,"href":"https:\/\/hammocknest.com\/sk\/wp-json\/wp\/v2\/comments?post=12079"}],"wp:featuredmedia":[{"embeddable":true,"href":"https:\/\/hammocknest.com\/sk\/wp-json\/wp\/v2\/media\/12368"}],"wp:attachment":[{"href":"https:\/\/hammocknest.com\/sk\/wp-json\/wp\/v2\/media?parent=12079"}],"wp:term":[{"taxonomy":"product_brand","embeddable":true,"href":"https:\/\/hammocknest.com\/sk\/wp-json\/wp\/v2\/product_brand?post=12079"},{"taxonomy":"product_cat","embeddable":true,"href":"https:\/\/hammocknest.com\/sk\/wp-json\/wp\/v2\/product_cat?post=12079"},{"taxonomy":"product_tag","embeddable":true,"href":"https:\/\/hammocknest.com\/sk\/wp-json\/wp\/v2\/product_tag?post=12079"}],"curies":[{"name":"wp","href":"https:\/\/api.w.org\/{rel}","templated":true}]}}