{"id":12074,"date":"2026-04-20T11:24:15","date_gmt":"2026-04-20T11:24:15","guid":{"rendered":"https:\/\/hammocknest.com\/sk\/?post_type=product&#038;p=12074"},"modified":"2026-04-20T11:27:40","modified_gmt":"2026-04-20T11:27:40","slug":"hiking-houpaci-siet-jungle-vas-najlepsi-zazitok-vonku","status":"publish","type":"product","link":"https:\/\/hammocknest.com\/sk\/product\/hiking-houpaci-siet-jungle-vas-najlepsi-zazitok-vonku\/","title":{"rendered":"Hiking Houpac\u00ed Sie\u0165 | Jungle &#8211; V\u00e1\u0161 Najlep\u0161\u00ed Z\u00e1\u017eitok vonku"},"content":{"rendered":"","protected":false},"excerpt":{"rendered":"","protected":false},"featured_media":12363,"comment_status":"closed","ping_status":"closed","template":"","meta":[],"product_brand":[],"product_cat":[289],"product_tag":[281],"class_list":{"0":"post-12074","1":"product","2":"type-product","3":"status-publish","4":"has-post-thumbnail","6":"product_cat-hammaky-na-stojane","7":"product_tag-hamac-moustiquaire","9":"first","10":"instock","11":"taxable","12":"shipping-taxable","13":"purchasable","14":"product-type-simple"},"_links":{"self":[{"href":"https:\/\/hammocknest.com\/sk\/wp-json\/wp\/v2\/product\/12074","targetHints":{"allow":["GET"]}}],"collection":[{"href":"https:\/\/hammocknest.com\/sk\/wp-json\/wp\/v2\/product"}],"about":[{"href":"https:\/\/hammocknest.com\/sk\/wp-json\/wp\/v2\/types\/product"}],"replies":[{"embeddable":true,"href":"https:\/\/hammocknest.com\/sk\/wp-json\/wp\/v2\/comments?post=12074"}],"wp:featuredmedia":[{"embeddable":true,"href":"https:\/\/hammocknest.com\/sk\/wp-json\/wp\/v2\/media\/12363"}],"wp:attachment":[{"href":"https:\/\/hammocknest.com\/sk\/wp-json\/wp\/v2\/media?parent=12074"}],"wp:term":[{"taxonomy":"product_brand","embeddable":true,"href":"https:\/\/hammocknest.com\/sk\/wp-json\/wp\/v2\/product_brand?post=12074"},{"taxonomy":"product_cat","embeddable":true,"href":"https:\/\/hammocknest.com\/sk\/wp-json\/wp\/v2\/product_cat?post=12074"},{"taxonomy":"product_tag","embeddable":true,"href":"https:\/\/hammocknest.com\/sk\/wp-json\/wp\/v2\/product_tag?post=12074"}],"curies":[{"name":"wp","href":"https:\/\/api.w.org\/{rel}","templated":true}]}}