{"id":12072,"date":"2026-04-20T11:24:14","date_gmt":"2026-04-20T11:24:14","guid":{"rendered":"https:\/\/hammocknest.com\/sk\/?post_type=product&#038;p=12072"},"modified":"2026-04-20T11:35:33","modified_gmt":"2026-04-20T11:35:33","slug":"dvojity-okenny-hamac-pre-macky-nala-pohodlny-ukryt","status":"publish","type":"product","link":"https:\/\/hammocknest.com\/sk\/product\/dvojity-okenny-hamac-pre-macky-nala-pohodlny-ukryt\/","title":{"rendered":"Dvojit\u00fd Okenn\u00fd Hamac pre Ma\u010dky | Nala &#8211; Pohodln\u00fd \u00dakryt"},"content":{"rendered":"","protected":false},"excerpt":{"rendered":"","protected":false},"featured_media":12361,"comment_status":"closed","ping_status":"closed","template":"","meta":[],"product_brand":[],"product_cat":[298,294],"product_tag":[283],"class_list":{"0":"post-12072","1":"product","2":"type-product","3":"status-publish","4":"has-post-thumbnail","6":"product_cat-hammaky-pre-macky","7":"product_cat-okenne-hammaky","8":"product_tag-hamac-chat-fenetre","10":"first","11":"instock","12":"taxable","13":"shipping-taxable","14":"purchasable","15":"product-type-variable"},"_links":{"self":[{"href":"https:\/\/hammocknest.com\/sk\/wp-json\/wp\/v2\/product\/12072","targetHints":{"allow":["GET"]}}],"collection":[{"href":"https:\/\/hammocknest.com\/sk\/wp-json\/wp\/v2\/product"}],"about":[{"href":"https:\/\/hammocknest.com\/sk\/wp-json\/wp\/v2\/types\/product"}],"replies":[{"embeddable":true,"href":"https:\/\/hammocknest.com\/sk\/wp-json\/wp\/v2\/comments?post=12072"}],"wp:featuredmedia":[{"embeddable":true,"href":"https:\/\/hammocknest.com\/sk\/wp-json\/wp\/v2\/media\/12361"}],"wp:attachment":[{"href":"https:\/\/hammocknest.com\/sk\/wp-json\/wp\/v2\/media?parent=12072"}],"wp:term":[{"taxonomy":"product_brand","embeddable":true,"href":"https:\/\/hammocknest.com\/sk\/wp-json\/wp\/v2\/product_brand?post=12072"},{"taxonomy":"product_cat","embeddable":true,"href":"https:\/\/hammocknest.com\/sk\/wp-json\/wp\/v2\/product_cat?post=12072"},{"taxonomy":"product_tag","embeddable":true,"href":"https:\/\/hammocknest.com\/sk\/wp-json\/wp\/v2\/product_tag?post=12072"}],"curies":[{"name":"wp","href":"https:\/\/api.w.org\/{rel}","templated":true}]}}