{"id":12069,"date":"2026-04-20T11:24:13","date_gmt":"2026-04-20T11:24:13","guid":{"rendered":"https:\/\/hammocknest.com\/sk\/?post_type=product&#038;p=12069"},"modified":"2026-04-20T11:35:33","modified_gmt":"2026-04-20T11:35:33","slug":"hamac-pre-macky-pongo-idealny-pre-vasu-dvojmiestnu-pohovku","status":"publish","type":"product","link":"https:\/\/hammocknest.com\/sk\/product\/hamac-pre-macky-pongo-idealny-pre-vasu-dvojmiestnu-pohovku\/","title":{"rendered":"Hamac pre Ma\u010dky | Pongo &#8211; Ide\u00e1lny pre Va\u0161u Dvojmiestnu Pohovku"},"content":{"rendered":"","protected":false},"excerpt":{"rendered":"","protected":false},"featured_media":12358,"comment_status":"closed","ping_status":"closed","template":"","meta":[],"product_brand":[],"product_cat":[290],"product_tag":[284],"class_list":{"0":"post-12069","1":"product","2":"type-product","3":"status-publish","4":"has-post-thumbnail","6":"product_cat-dvojite-hammaky","7":"product_tag-hamac-pour-chat","9":"first","10":"instock","11":"taxable","12":"shipping-taxable","13":"purchasable","14":"product-type-variable"},"_links":{"self":[{"href":"https:\/\/hammocknest.com\/sk\/wp-json\/wp\/v2\/product\/12069","targetHints":{"allow":["GET"]}}],"collection":[{"href":"https:\/\/hammocknest.com\/sk\/wp-json\/wp\/v2\/product"}],"about":[{"href":"https:\/\/hammocknest.com\/sk\/wp-json\/wp\/v2\/types\/product"}],"replies":[{"embeddable":true,"href":"https:\/\/hammocknest.com\/sk\/wp-json\/wp\/v2\/comments?post=12069"}],"wp:featuredmedia":[{"embeddable":true,"href":"https:\/\/hammocknest.com\/sk\/wp-json\/wp\/v2\/media\/12358"}],"wp:attachment":[{"href":"https:\/\/hammocknest.com\/sk\/wp-json\/wp\/v2\/media?parent=12069"}],"wp:term":[{"taxonomy":"product_brand","embeddable":true,"href":"https:\/\/hammocknest.com\/sk\/wp-json\/wp\/v2\/product_brand?post=12069"},{"taxonomy":"product_cat","embeddable":true,"href":"https:\/\/hammocknest.com\/sk\/wp-json\/wp\/v2\/product_cat?post=12069"},{"taxonomy":"product_tag","embeddable":true,"href":"https:\/\/hammocknest.com\/sk\/wp-json\/wp\/v2\/product_tag?post=12069"}],"curies":[{"name":"wp","href":"https:\/\/api.w.org\/{rel}","templated":true}]}}