{"id":12058,"date":"2026-04-20T11:24:08","date_gmt":"2026-04-20T11:24:08","guid":{"rendered":"https:\/\/hammocknest.com\/sk\/?post_type=product&#038;p=12058"},"modified":"2026-04-20T11:35:31","modified_gmt":"2026-04-20T11:35:31","slug":"skladacia-hojdacka-pre-macky-haru-idealna-pre-maine-coons","status":"publish","type":"product","link":"https:\/\/hammocknest.com\/sk\/product\/skladacia-hojdacka-pre-macky-haru-idealna-pre-maine-coons\/","title":{"rendered":"Skladacia Hojda\u010dka pre Ma\u010dky | Haru &#8211; Ide\u00e1lna pre Maine Coons"},"content":{"rendered":"","protected":false},"excerpt":{"rendered":"","protected":false},"featured_media":12347,"comment_status":"closed","ping_status":"closed","template":"","meta":[],"product_brand":[],"product_cat":[298,293],"product_tag":[284],"class_list":{"0":"post-12058","1":"product","2":"type-product","3":"status-publish","4":"has-post-thumbnail","6":"product_cat-hammaky-pre-macky","7":"product_cat-macacie-hammaky","8":"product_tag-hamac-pour-chat","10":"first","11":"instock","12":"taxable","13":"shipping-taxable","14":"purchasable","15":"product-type-variable"},"_links":{"self":[{"href":"https:\/\/hammocknest.com\/sk\/wp-json\/wp\/v2\/product\/12058","targetHints":{"allow":["GET"]}}],"collection":[{"href":"https:\/\/hammocknest.com\/sk\/wp-json\/wp\/v2\/product"}],"about":[{"href":"https:\/\/hammocknest.com\/sk\/wp-json\/wp\/v2\/types\/product"}],"replies":[{"embeddable":true,"href":"https:\/\/hammocknest.com\/sk\/wp-json\/wp\/v2\/comments?post=12058"}],"wp:featuredmedia":[{"embeddable":true,"href":"https:\/\/hammocknest.com\/sk\/wp-json\/wp\/v2\/media\/12347"}],"wp:attachment":[{"href":"https:\/\/hammocknest.com\/sk\/wp-json\/wp\/v2\/media?parent=12058"}],"wp:term":[{"taxonomy":"product_brand","embeddable":true,"href":"https:\/\/hammocknest.com\/sk\/wp-json\/wp\/v2\/product_brand?post=12058"},{"taxonomy":"product_cat","embeddable":true,"href":"https:\/\/hammocknest.com\/sk\/wp-json\/wp\/v2\/product_cat?post=12058"},{"taxonomy":"product_tag","embeddable":true,"href":"https:\/\/hammocknest.com\/sk\/wp-json\/wp\/v2\/product_tag?post=12058"}],"curies":[{"name":"wp","href":"https:\/\/api.w.org\/{rel}","templated":true}]}}