{"id":12041,"date":"2026-04-20T11:23:57","date_gmt":"2026-04-20T11:23:57","guid":{"rendered":"https:\/\/hammocknest.com\/sk\/?post_type=product&#038;p=12041"},"modified":"2026-04-20T11:27:19","modified_gmt":"2026-04-20T11:27:19","slug":"hamak-stolicka-na-bazen-logan-idealna-na-oddych-pri-bazene","status":"publish","type":"product","link":"https:\/\/hammocknest.com\/sk\/product\/hamak-stolicka-na-bazen-logan-idealna-na-oddych-pri-bazene\/","title":{"rendered":"Hamak Stoli\u010dka na Baz\u00e9n | Logan &#8211; Ide\u00e1lna na Oddych pri Baz\u00e9ne"},"content":{"rendered":"","protected":false},"excerpt":{"rendered":"","protected":false},"featured_media":12330,"comment_status":"closed","ping_status":"closed","template":"","meta":[],"product_brand":[],"product_cat":[],"product_tag":[287],"class_list":{"0":"post-12041","1":"product","2":"type-product","3":"status-publish","4":"has-post-thumbnail","6":"product_tag-hamac-gonflable","8":"first","9":"instock","10":"taxable","11":"shipping-taxable","12":"purchasable","13":"product-type-simple"},"_links":{"self":[{"href":"https:\/\/hammocknest.com\/sk\/wp-json\/wp\/v2\/product\/12041","targetHints":{"allow":["GET"]}}],"collection":[{"href":"https:\/\/hammocknest.com\/sk\/wp-json\/wp\/v2\/product"}],"about":[{"href":"https:\/\/hammocknest.com\/sk\/wp-json\/wp\/v2\/types\/product"}],"replies":[{"embeddable":true,"href":"https:\/\/hammocknest.com\/sk\/wp-json\/wp\/v2\/comments?post=12041"}],"wp:featuredmedia":[{"embeddable":true,"href":"https:\/\/hammocknest.com\/sk\/wp-json\/wp\/v2\/media\/12330"}],"wp:attachment":[{"href":"https:\/\/hammocknest.com\/sk\/wp-json\/wp\/v2\/media?parent=12041"}],"wp:term":[{"taxonomy":"product_brand","embeddable":true,"href":"https:\/\/hammocknest.com\/sk\/wp-json\/wp\/v2\/product_brand?post=12041"},{"taxonomy":"product_cat","embeddable":true,"href":"https:\/\/hammocknest.com\/sk\/wp-json\/wp\/v2\/product_cat?post=12041"},{"taxonomy":"product_tag","embeddable":true,"href":"https:\/\/hammocknest.com\/sk\/wp-json\/wp\/v2\/product_tag?post=12041"}],"curies":[{"name":"wp","href":"https:\/\/api.w.org\/{rel}","templated":true}]}}