{"id":12040,"date":"2026-04-20T11:23:57","date_gmt":"2026-04-20T11:23:57","guid":{"rendered":"https:\/\/hammocknest.com\/sk\/?post_type=product&#038;p=12040"},"modified":"2026-04-20T11:35:27","modified_gmt":"2026-04-20T11:35:27","slug":"bazenova-hamaka-gabry-idealna-pre-maine-coon-macky","status":"publish","type":"product","link":"https:\/\/hammocknest.com\/sk\/product\/bazenova-hamaka-gabry-idealna-pre-maine-coon-macky\/","title":{"rendered":"Baz\u00e9nov\u00e1 Hamaka | Gabry &#8211; Ide\u00e1lna pre Maine Coon Ma\u010dky"},"content":{"rendered":"","protected":false},"excerpt":{"rendered":"","protected":false},"featured_media":12329,"comment_status":"closed","ping_status":"closed","template":"","meta":[],"product_brand":[],"product_cat":[],"product_tag":[287],"class_list":{"0":"post-12040","1":"product","2":"type-product","3":"status-publish","4":"has-post-thumbnail","6":"product_tag-hamac-gonflable","8":"first","9":"instock","10":"taxable","11":"shipping-taxable","12":"purchasable","13":"product-type-variable"},"_links":{"self":[{"href":"https:\/\/hammocknest.com\/sk\/wp-json\/wp\/v2\/product\/12040","targetHints":{"allow":["GET"]}}],"collection":[{"href":"https:\/\/hammocknest.com\/sk\/wp-json\/wp\/v2\/product"}],"about":[{"href":"https:\/\/hammocknest.com\/sk\/wp-json\/wp\/v2\/types\/product"}],"replies":[{"embeddable":true,"href":"https:\/\/hammocknest.com\/sk\/wp-json\/wp\/v2\/comments?post=12040"}],"wp:featuredmedia":[{"embeddable":true,"href":"https:\/\/hammocknest.com\/sk\/wp-json\/wp\/v2\/media\/12329"}],"wp:attachment":[{"href":"https:\/\/hammocknest.com\/sk\/wp-json\/wp\/v2\/media?parent=12040"}],"wp:term":[{"taxonomy":"product_brand","embeddable":true,"href":"https:\/\/hammocknest.com\/sk\/wp-json\/wp\/v2\/product_brand?post=12040"},{"taxonomy":"product_cat","embeddable":true,"href":"https:\/\/hammocknest.com\/sk\/wp-json\/wp\/v2\/product_cat?post=12040"},{"taxonomy":"product_tag","embeddable":true,"href":"https:\/\/hammocknest.com\/sk\/wp-json\/wp\/v2\/product_tag?post=12040"}],"curies":[{"name":"wp","href":"https:\/\/api.w.org\/{rel}","templated":true}]}}