{"id":12030,"date":"2026-04-20T11:23:53","date_gmt":"2026-04-20T11:23:53","guid":{"rendered":"https:\/\/hammocknest.com\/sk\/?post_type=product&#038;p=12030"},"modified":"2026-04-20T11:35:25","modified_gmt":"2026-04-20T11:35:25","slug":"zahradny-hamak-olaf-ratanovy-zahradny-nabytok","status":"publish","type":"product","link":"https:\/\/hammocknest.com\/sk\/product\/zahradny-hamak-olaf-ratanovy-zahradny-nabytok\/","title":{"rendered":"Z\u00e1hradn\u00fd Hamak | Olaf &#8211; Ratanov\u00fd Z\u00e1hradn\u00fd N\u00e1bytok"},"content":{"rendered":"","protected":false},"excerpt":{"rendered":"","protected":false},"featured_media":12319,"comment_status":"closed","ping_status":"closed","template":"","meta":[],"product_brand":[],"product_cat":[291],"product_tag":[286],"class_list":{"0":"post-12030","1":"product","2":"type-product","3":"status-publish","4":"has-post-thumbnail","6":"product_cat-zahradne-a-interierove-hammaky","7":"product_tag-hamac","9":"first","10":"instock","11":"taxable","12":"shipping-taxable","13":"purchasable","14":"product-type-variable"},"_links":{"self":[{"href":"https:\/\/hammocknest.com\/sk\/wp-json\/wp\/v2\/product\/12030","targetHints":{"allow":["GET"]}}],"collection":[{"href":"https:\/\/hammocknest.com\/sk\/wp-json\/wp\/v2\/product"}],"about":[{"href":"https:\/\/hammocknest.com\/sk\/wp-json\/wp\/v2\/types\/product"}],"replies":[{"embeddable":true,"href":"https:\/\/hammocknest.com\/sk\/wp-json\/wp\/v2\/comments?post=12030"}],"wp:featuredmedia":[{"embeddable":true,"href":"https:\/\/hammocknest.com\/sk\/wp-json\/wp\/v2\/media\/12319"}],"wp:attachment":[{"href":"https:\/\/hammocknest.com\/sk\/wp-json\/wp\/v2\/media?parent=12030"}],"wp:term":[{"taxonomy":"product_brand","embeddable":true,"href":"https:\/\/hammocknest.com\/sk\/wp-json\/wp\/v2\/product_brand?post=12030"},{"taxonomy":"product_cat","embeddable":true,"href":"https:\/\/hammocknest.com\/sk\/wp-json\/wp\/v2\/product_cat?post=12030"},{"taxonomy":"product_tag","embeddable":true,"href":"https:\/\/hammocknest.com\/sk\/wp-json\/wp\/v2\/product_tag?post=12030"}],"curies":[{"name":"wp","href":"https:\/\/api.w.org\/{rel}","templated":true}]}}