{"id":12025,"date":"2026-04-20T11:23:50","date_gmt":"2026-04-20T11:23:50","guid":{"rendered":"https:\/\/hammocknest.com\/sk\/?post_type=product&#038;p=12025"},"modified":"2026-04-20T11:27:07","modified_gmt":"2026-04-20T11:27:07","slug":"zavesny-hamak-edda-idealny-pre-vas-vesiak-na-kabaty","status":"publish","type":"product","link":"https:\/\/hammocknest.com\/sk\/product\/zavesny-hamak-edda-idealny-pre-vas-vesiak-na-kabaty\/","title":{"rendered":"Z\u00e1vesn\u00fd Hamak | Edda &#8211; Ide\u00e1lny pre v\u00e1\u0161 ve\u0161iak na kab\u00e1ty"},"content":{"rendered":"","protected":false},"excerpt":{"rendered":"","protected":false},"featured_media":12314,"comment_status":"closed","ping_status":"closed","template":"","meta":[],"product_brand":[],"product_cat":[],"product_tag":[286],"class_list":{"0":"post-12025","1":"product","2":"type-product","3":"status-publish","4":"has-post-thumbnail","6":"product_tag-hamac","8":"first","9":"instock","10":"taxable","11":"shipping-taxable","12":"purchasable","13":"product-type-simple"},"_links":{"self":[{"href":"https:\/\/hammocknest.com\/sk\/wp-json\/wp\/v2\/product\/12025","targetHints":{"allow":["GET"]}}],"collection":[{"href":"https:\/\/hammocknest.com\/sk\/wp-json\/wp\/v2\/product"}],"about":[{"href":"https:\/\/hammocknest.com\/sk\/wp-json\/wp\/v2\/types\/product"}],"replies":[{"embeddable":true,"href":"https:\/\/hammocknest.com\/sk\/wp-json\/wp\/v2\/comments?post=12025"}],"wp:featuredmedia":[{"embeddable":true,"href":"https:\/\/hammocknest.com\/sk\/wp-json\/wp\/v2\/media\/12314"}],"wp:attachment":[{"href":"https:\/\/hammocknest.com\/sk\/wp-json\/wp\/v2\/media?parent=12025"}],"wp:term":[{"taxonomy":"product_brand","embeddable":true,"href":"https:\/\/hammocknest.com\/sk\/wp-json\/wp\/v2\/product_brand?post=12025"},{"taxonomy":"product_cat","embeddable":true,"href":"https:\/\/hammocknest.com\/sk\/wp-json\/wp\/v2\/product_cat?post=12025"},{"taxonomy":"product_tag","embeddable":true,"href":"https:\/\/hammocknest.com\/sk\/wp-json\/wp\/v2\/product_tag?post=12025"}],"curies":[{"name":"wp","href":"https:\/\/api.w.org\/{rel}","templated":true}]}}