{"id":12024,"date":"2026-04-20T11:23:49","date_gmt":"2026-04-20T11:23:49","guid":{"rendered":"https:\/\/hammocknest.com\/sk\/?post_type=product&#038;p=12024"},"modified":"2026-04-25T20:11:34","modified_gmt":"2026-04-25T20:11:34","slug":"textilny-hamak-eole-relaxujte-so-stylom","status":"publish","type":"product","link":"https:\/\/hammocknest.com\/sk\/product\/textilny-hamak-eole-relaxujte-so-stylom\/","title":{"rendered":"Textiln\u00fd Hamak | Eole &#8211; Relaxujte so \u0160t\u00fdlom"},"content":{"rendered":"<p>N\u00e1dhern\u00e1 l\u00e1tkov\u00e1 hojdacia sie\u0165, ktor\u00e1 je pohodln\u00e1 v\u010faka kvalitn\u00e9mu pl\u00e1tnu, bude va\u0161\u00edm ide\u00e1lnym spolo\u010dn\u00edkom na oddych po\u010das kr\u00e1sneho slne\u010dn\u00e9ho d\u0148a. Charakteristika: M\u00e4kk\u00e9 a pohodln\u00e9 nylonov\u00e9 pl\u00e1tno \u013dahk\u00e9 a odoln\u00e9 Priedu\u0161n\u00e1 tkanina Proti roztrhnutiu Max. nosnos\u0165: 150 Kg Vn\u00fatorn\u00fd rozmer: 190 x 150 cm Pre 1 osobu Kompletn\u00e1 in\u0161tala\u010dn\u00e1 sada v cene Objavte t\u00fato n\u00e1dhern\u00fa l\u00e1tkov\u00fa hojdaciu sie\u0165 pre v\u0161etk\u00fdch milovn\u00edkov sp\u00e1nku doma. Odd\u00fdchnite si vo ve\u013emi kvalitnom, odolnom a pohodlnom pl\u00e1tne. Zostaven\u00e1 z odoln\u00fdch materi\u00e1lov v\u00e1s bez probl\u00e9mov podr\u017e\u00ed a pon\u00fakne v\u00e1m nezabudnute\u013en\u00e9 chv\u00edle relaxu. M\u00e1te kompletn\u00fa s\u00fapravu so v\u0161etk\u00fdmi potrebn\u00fdmi upev\u0148ovac\u00edmi prvkami pre jednoduch\u00fa a bezpe\u010dn\u00fa in\u0161tal\u00e1ciu. V sp\u00e1lni alebo ob\u00fdva\u010dke sa nain\u0161taluje ve\u013emi jednoducho medzi dva pevn\u00e9 body a vy si tak m\u00f4\u017eete u\u017ei\u0165 relaxa\u010dn\u00fa prest\u00e1vku v tom najv\u00e4\u010d\u0161om pohodl\u00ed. Pre t\u00fdch, ktor\u00ed t\u00fa\u017eia po oddychov\u00fdch chv\u00ed\u013each vonku a z\u00e1rove\u0148 si vychutn\u00e1va\u0165 pr\u00edrodn\u00e9 kr\u00e1sy, na\u0161a hojdacia sie\u0165 makram\u00e9 poskytuje dokonal\u00fa prest\u00e1vku na \u00fanik a na\u010derpanie nov\u00fdch s\u00edl. Ak v\u00e1s tento model oslovil, poz\u00fdvame v\u00e1s, aby ste si prezreli cel\u00fa na\u0161u kolekciu hojdacej siete, aby ste na\u0161li ide\u00e1lnu verziu pod\u013ea va\u0161ich predst\u00e1v. Amacas garantuje r\u00fdchle doru\u010denie (72 hod\u00edn) \u0160tandardn\u00e9 bezplatn\u00e9 doru\u010denie! Franc\u00fazsky popredajn\u00fd servis a citliv\u00fd z\u00e1kazn\u00edcky servis<\/p>\n","protected":false},"excerpt":{"rendered":"<p>N\u00e1dhern\u00e1 l\u00e1tkov\u00e1 hojdacia sie\u0165, ktor\u00e1 je pohodln\u00e1 v\u010faka kvalitn\u00e9mu pl\u00e1tnu, bude va\u0161\u00edm ide\u00e1lnym spolo\u010dn\u00edkom na oddych po\u010das kr\u00e1sneho slne\u010dn\u00e9ho d\u0148a. Charakteristika: M\u00e4kk\u00e9 a pohodln\u00e9 nylonov\u00e9 pl\u00e1tno \u013dahk\u00e9 a odoln\u00e9 Priedu\u0161n\u00e1 tkanina Proti roztrhnutiu Max. nosnos\u0165: 150 Kg Vn\u00fatorn\u00fd rozmer: 190 x 150 cm Pre 1 osobu Kompletn\u00e1 in\u0161tala\u010dn\u00e1 sada v cene Objavte t\u00fato n\u00e1dhern\u00fa l\u00e1tkov\u00fa [&hellip;]<\/p>\n","protected":false},"featured_media":12313,"comment_status":"closed","ping_status":"closed","template":"","meta":[],"product_brand":[],"product_cat":[],"product_tag":[286],"class_list":{"0":"post-12024","1":"product","2":"type-product","3":"status-publish","4":"has-post-thumbnail","6":"product_tag-hamac","8":"first","9":"instock","10":"taxable","11":"shipping-taxable","12":"purchasable","13":"product-type-simple"},"_links":{"self":[{"href":"https:\/\/hammocknest.com\/sk\/wp-json\/wp\/v2\/product\/12024","targetHints":{"allow":["GET"]}}],"collection":[{"href":"https:\/\/hammocknest.com\/sk\/wp-json\/wp\/v2\/product"}],"about":[{"href":"https:\/\/hammocknest.com\/sk\/wp-json\/wp\/v2\/types\/product"}],"replies":[{"embeddable":true,"href":"https:\/\/hammocknest.com\/sk\/wp-json\/wp\/v2\/comments?post=12024"}],"wp:featuredmedia":[{"embeddable":true,"href":"https:\/\/hammocknest.com\/sk\/wp-json\/wp\/v2\/media\/12313"}],"wp:attachment":[{"href":"https:\/\/hammocknest.com\/sk\/wp-json\/wp\/v2\/media?parent=12024"}],"wp:term":[{"taxonomy":"product_brand","embeddable":true,"href":"https:\/\/hammocknest.com\/sk\/wp-json\/wp\/v2\/product_brand?post=12024"},{"taxonomy":"product_cat","embeddable":true,"href":"https:\/\/hammocknest.com\/sk\/wp-json\/wp\/v2\/product_cat?post=12024"},{"taxonomy":"product_tag","embeddable":true,"href":"https:\/\/hammocknest.com\/sk\/wp-json\/wp\/v2\/product_tag?post=12024"}],"curies":[{"name":"wp","href":"https:\/\/api.w.org\/{rel}","templated":true}]}}