{"id":12012,"date":"2026-04-20T11:23:44","date_gmt":"2026-04-20T11:23:44","guid":{"rendered":"https:\/\/hammocknest.com\/sk\/?post_type=product&#038;p=12012"},"modified":"2026-04-20T11:26:56","modified_gmt":"2026-04-20T11:26:56","slug":"dizajnova-hojdacka-laly-styl-sa-stretava-s-pohodlim","status":"publish","type":"product","link":"https:\/\/hammocknest.com\/sk\/product\/dizajnova-hojdacka-laly-styl-sa-stretava-s-pohodlim\/","title":{"rendered":"Dizajnov\u00e1 hojda\u010dka | Laly &#8211; \u0160t\u00fdl sa stret\u00e1va s pohodl\u00edm"},"content":{"rendered":"","protected":false},"excerpt":{"rendered":"","protected":false},"featured_media":12301,"comment_status":"closed","ping_status":"closed","template":"","meta":[],"product_brand":[],"product_cat":[],"product_tag":[286],"class_list":{"0":"post-12012","1":"product","2":"type-product","3":"status-publish","4":"has-post-thumbnail","6":"product_tag-hamac","8":"first","9":"instock","10":"taxable","11":"shipping-taxable","12":"purchasable","13":"product-type-simple"},"_links":{"self":[{"href":"https:\/\/hammocknest.com\/sk\/wp-json\/wp\/v2\/product\/12012","targetHints":{"allow":["GET"]}}],"collection":[{"href":"https:\/\/hammocknest.com\/sk\/wp-json\/wp\/v2\/product"}],"about":[{"href":"https:\/\/hammocknest.com\/sk\/wp-json\/wp\/v2\/types\/product"}],"replies":[{"embeddable":true,"href":"https:\/\/hammocknest.com\/sk\/wp-json\/wp\/v2\/comments?post=12012"}],"wp:featuredmedia":[{"embeddable":true,"href":"https:\/\/hammocknest.com\/sk\/wp-json\/wp\/v2\/media\/12301"}],"wp:attachment":[{"href":"https:\/\/hammocknest.com\/sk\/wp-json\/wp\/v2\/media?parent=12012"}],"wp:term":[{"taxonomy":"product_brand","embeddable":true,"href":"https:\/\/hammocknest.com\/sk\/wp-json\/wp\/v2\/product_brand?post=12012"},{"taxonomy":"product_cat","embeddable":true,"href":"https:\/\/hammocknest.com\/sk\/wp-json\/wp\/v2\/product_cat?post=12012"},{"taxonomy":"product_tag","embeddable":true,"href":"https:\/\/hammocknest.com\/sk\/wp-json\/wp\/v2\/product_tag?post=12012"}],"curies":[{"name":"wp","href":"https:\/\/api.w.org\/{rel}","templated":true}]}}