{"id":12011,"date":"2026-04-20T11:23:44","date_gmt":"2026-04-20T11:23:44","guid":{"rendered":"https:\/\/hammocknest.com\/sk\/?post_type=product&#038;p=12011"},"modified":"2026-04-25T21:01:10","modified_gmt":"2026-04-25T21:01:10","slug":"hamakova-tkanina-carol-idealne-pre-macky","status":"publish","type":"product","link":"https:\/\/hammocknest.com\/sk\/product\/hamakova-tkanina-carol-idealne-pre-macky\/","title":{"rendered":"Hamakov\u00e1 Tkanina | Carol &#8211; Ide\u00e1lne pre Ma\u010dky"},"content":{"rendered":"<p>Vychutnajte si chv\u00edle oddychu a relax\u00e1cie v tejto hojdacej utierke pr\u00e9miovej kvality. Ve\u013emi \u013eahk\u00e9, bude v\u00e1s sprev\u00e1dza\u0165 v\u0161ade na va\u0161ich v\u00fdletoch. Charakteristika: 210T nylonov\u00e9 pad\u00e1kov\u00e9 pl\u00e1tno Trojit\u00e9 pre\u0161\u00edvanie \u013dahk\u00e9, pohodln\u00e9 a odoln\u00e9 Vodeodoln\u00e1 a priedu\u0161n\u00e1 tkanina Vonkaj\u0161ie \u00falo\u017en\u00e9 puzdro Maxim\u00e1lna nosnos\u0165: 230 kg Rozmery: 220 x 90 cm Vr\u00e1tane kompletnej in\u0161tala\u010dnej s\u00fapravy Hmotnos\u0165 s\u00fapravy \u2248 500 gr Integrovan\u00e1 prepravn\u00e1 ta\u0161ka Objavte t\u00fato hojdaciu sie\u0165ku ako skvel\u00fa doma alebo vonku. Relaxujte vo ve\u013emi kvalitnom, odolnom a \u00faplne vodeodolnom pl\u00e1tne. T\u00e1to hojdacia sie\u0165, vyroben\u00e1 z odoln\u00fdch materi\u00e1lov, v\u00e1s bez probl\u00e9mov podr\u017e\u00ed a pon\u00fakne v\u00e1m nezabudnute\u013en\u00e9 chv\u00edle relaxu. M\u00e1te kompletn\u00fa s\u00fapravu so v\u0161etk\u00fdmi potrebn\u00fdmi upev\u0148ovac\u00edmi prvkami pre jednoduch\u00fa a bezpe\u010dn\u00fa in\u0161tal\u00e1ciu. In\u0161taluje sa ve\u013emi jednoducho medzi dva stromy alebo medzi dva pevn\u00e9 body a vy si tak u\u017eijete relaxa\u010dn\u00fa prest\u00e1vku v tom najv\u00e4\u010d\u0161om pohodl\u00ed. Pozn\u00e1mka: Moskyti\u00e9ra nie je s\u00fa\u010das\u0165ou dod\u00e1vky Ak h\u013ead\u00e1te odolnos\u0165 a funk\u010dnos\u0165 v divo\u010dine, nenechajte si ujs\u0165 na\u0161u hojdaciu sie\u0165 s moskyti\u00e9rou a pl\u00e1\u0161tenkou \u0161peci\u00e1lne navrhnutou pre dobrodruhov. Pre optim\u00e1lnu ochranu pred hmyzom presk\u00famajte aj na\u0161u vlajkov\u00fa kolekciu hojdac\u00edch siet\u00ed proti kom\u00e1rom. Amacas garantuje r\u00fdchle doru\u010denie (72 hod\u00edn) \u0160tandardn\u00e9 bezplatn\u00e9 doru\u010denie! Franc\u00fazsky popredajn\u00fd servis a citliv\u00fd z\u00e1kazn\u00edcky servis<\/p>\n","protected":false},"excerpt":{"rendered":"<p>Vychutnajte si chv\u00edle oddychu a relax\u00e1cie v tejto hojdacej utierke pr\u00e9miovej kvality. Ve\u013emi \u013eahk\u00e9, bude v\u00e1s sprev\u00e1dza\u0165 v\u0161ade na va\u0161ich v\u00fdletoch. Charakteristika: 210T nylonov\u00e9 pad\u00e1kov\u00e9 pl\u00e1tno Trojit\u00e9 pre\u0161\u00edvanie \u013dahk\u00e9, pohodln\u00e9 a odoln\u00e9 Vodeodoln\u00e1 a priedu\u0161n\u00e1 tkanina Vonkaj\u0161ie \u00falo\u017en\u00e9 puzdro Maxim\u00e1lna nosnos\u0165: 230 kg Rozmery: 220 x 90 cm Vr\u00e1tane kompletnej in\u0161tala\u010dnej s\u00fapravy Hmotnos\u0165 s\u00fapravy \u2248 [&hellip;]<\/p>\n","protected":false},"featured_media":12300,"comment_status":"closed","ping_status":"closed","template":"","meta":[],"product_brand":[],"product_cat":[],"product_tag":[281],"class_list":{"0":"post-12011","1":"product","2":"type-product","3":"status-publish","4":"has-post-thumbnail","6":"product_tag-hamac-moustiquaire","8":"first","9":"instock","10":"taxable","11":"shipping-taxable","12":"purchasable","13":"product-type-variable"},"_links":{"self":[{"href":"https:\/\/hammocknest.com\/sk\/wp-json\/wp\/v2\/product\/12011","targetHints":{"allow":["GET"]}}],"collection":[{"href":"https:\/\/hammocknest.com\/sk\/wp-json\/wp\/v2\/product"}],"about":[{"href":"https:\/\/hammocknest.com\/sk\/wp-json\/wp\/v2\/types\/product"}],"replies":[{"embeddable":true,"href":"https:\/\/hammocknest.com\/sk\/wp-json\/wp\/v2\/comments?post=12011"}],"wp:featuredmedia":[{"embeddable":true,"href":"https:\/\/hammocknest.com\/sk\/wp-json\/wp\/v2\/media\/12300"}],"wp:attachment":[{"href":"https:\/\/hammocknest.com\/sk\/wp-json\/wp\/v2\/media?parent=12011"}],"wp:term":[{"taxonomy":"product_brand","embeddable":true,"href":"https:\/\/hammocknest.com\/sk\/wp-json\/wp\/v2\/product_brand?post=12011"},{"taxonomy":"product_cat","embeddable":true,"href":"https:\/\/hammocknest.com\/sk\/wp-json\/wp\/v2\/product_cat?post=12011"},{"taxonomy":"product_tag","embeddable":true,"href":"https:\/\/hammocknest.com\/sk\/wp-json\/wp\/v2\/product_tag?post=12011"}],"curies":[{"name":"wp","href":"https:\/\/api.w.org\/{rel}","templated":true}]}}