{"id":12008,"date":"2026-04-20T11:23:43","date_gmt":"2026-04-20T11:23:43","guid":{"rendered":"https:\/\/hammocknest.com\/sk\/?post_type=product&#038;p=12008"},"modified":"2026-04-20T11:35:21","modified_gmt":"2026-04-20T11:35:21","slug":"hojdacia-siet-s-moskytierou-a-dazdovou-plachtou-orso","status":"publish","type":"product","link":"https:\/\/hammocknest.com\/sk\/product\/hojdacia-siet-s-moskytierou-a-dazdovou-plachtou-orso\/","title":{"rendered":"Hojdacia sie\u0165 s moskyti\u00e9rou a da\u017e\u010fovou plachtou | Orso"},"content":{"rendered":"","protected":false},"excerpt":{"rendered":"","protected":false},"featured_media":12297,"comment_status":"closed","ping_status":"closed","template":"","meta":[],"product_brand":[],"product_cat":[],"product_tag":[281],"class_list":{"0":"post-12008","1":"product","2":"type-product","3":"status-publish","4":"has-post-thumbnail","6":"product_tag-hamac-moustiquaire","8":"first","9":"instock","10":"taxable","11":"shipping-taxable","12":"purchasable","13":"product-type-variable"},"_links":{"self":[{"href":"https:\/\/hammocknest.com\/sk\/wp-json\/wp\/v2\/product\/12008","targetHints":{"allow":["GET"]}}],"collection":[{"href":"https:\/\/hammocknest.com\/sk\/wp-json\/wp\/v2\/product"}],"about":[{"href":"https:\/\/hammocknest.com\/sk\/wp-json\/wp\/v2\/types\/product"}],"replies":[{"embeddable":true,"href":"https:\/\/hammocknest.com\/sk\/wp-json\/wp\/v2\/comments?post=12008"}],"wp:featuredmedia":[{"embeddable":true,"href":"https:\/\/hammocknest.com\/sk\/wp-json\/wp\/v2\/media\/12297"}],"wp:attachment":[{"href":"https:\/\/hammocknest.com\/sk\/wp-json\/wp\/v2\/media?parent=12008"}],"wp:term":[{"taxonomy":"product_brand","embeddable":true,"href":"https:\/\/hammocknest.com\/sk\/wp-json\/wp\/v2\/product_brand?post=12008"},{"taxonomy":"product_cat","embeddable":true,"href":"https:\/\/hammocknest.com\/sk\/wp-json\/wp\/v2\/product_cat?post=12008"},{"taxonomy":"product_tag","embeddable":true,"href":"https:\/\/hammocknest.com\/sk\/wp-json\/wp\/v2\/product_tag?post=12008"}],"curies":[{"name":"wp","href":"https:\/\/api.w.org\/{rel}","templated":true}]}}