{"id":12007,"date":"2026-04-20T11:23:43","date_gmt":"2026-04-20T11:23:43","guid":{"rendered":"https:\/\/hammocknest.com\/sk\/?post_type=product&#038;p=12007"},"modified":"2026-04-20T11:35:20","modified_gmt":"2026-04-20T11:35:20","slug":"rando-hamak-indigo-vas-dokonaly-vonkajsi-spolocnik","status":"publish","type":"product","link":"https:\/\/hammocknest.com\/sk\/product\/rando-hamak-indigo-vas-dokonaly-vonkajsi-spolocnik\/","title":{"rendered":"Rando Hamak | Indigo &#8211; V\u00e1\u0161 Dokonal\u00fd Vonkaj\u0161\u00ed Spolo\u010dn\u00edk"},"content":{"rendered":"","protected":false},"excerpt":{"rendered":"","protected":false},"featured_media":12296,"comment_status":"closed","ping_status":"closed","template":"","meta":[],"product_brand":[],"product_cat":[],"product_tag":[281],"class_list":{"0":"post-12007","1":"product","2":"type-product","3":"status-publish","4":"has-post-thumbnail","6":"product_tag-hamac-moustiquaire","8":"first","9":"instock","10":"taxable","11":"shipping-taxable","12":"purchasable","13":"product-type-variable"},"_links":{"self":[{"href":"https:\/\/hammocknest.com\/sk\/wp-json\/wp\/v2\/product\/12007","targetHints":{"allow":["GET"]}}],"collection":[{"href":"https:\/\/hammocknest.com\/sk\/wp-json\/wp\/v2\/product"}],"about":[{"href":"https:\/\/hammocknest.com\/sk\/wp-json\/wp\/v2\/types\/product"}],"replies":[{"embeddable":true,"href":"https:\/\/hammocknest.com\/sk\/wp-json\/wp\/v2\/comments?post=12007"}],"wp:featuredmedia":[{"embeddable":true,"href":"https:\/\/hammocknest.com\/sk\/wp-json\/wp\/v2\/media\/12296"}],"wp:attachment":[{"href":"https:\/\/hammocknest.com\/sk\/wp-json\/wp\/v2\/media?parent=12007"}],"wp:term":[{"taxonomy":"product_brand","embeddable":true,"href":"https:\/\/hammocknest.com\/sk\/wp-json\/wp\/v2\/product_brand?post=12007"},{"taxonomy":"product_cat","embeddable":true,"href":"https:\/\/hammocknest.com\/sk\/wp-json\/wp\/v2\/product_cat?post=12007"},{"taxonomy":"product_tag","embeddable":true,"href":"https:\/\/hammocknest.com\/sk\/wp-json\/wp\/v2\/product_tag?post=12007"}],"curies":[{"name":"wp","href":"https:\/\/api.w.org\/{rel}","templated":true}]}}