{"id":11999,"date":"2026-04-20T11:23:39","date_gmt":"2026-04-20T11:23:39","guid":{"rendered":"https:\/\/hammocknest.com\/sk\/?post_type=product&#038;p=11999"},"modified":"2026-04-25T20:11:30","modified_gmt":"2026-04-25T20:11:30","slug":"montaz-na-betonovu-stenu-pre-hamak-otton","status":"publish","type":"product","link":"https:\/\/hammocknest.com\/sk\/product\/montaz-na-betonovu-stenu-pre-hamak-otton\/","title":{"rendered":"Mont\u00e1\u017e na bet\u00f3nov\u00fa stenu pre hamak | Otton"},"content":{"rendered":"<p>Rozhodnite sa pre n\u00e1stenn\u00fd dr\u017eiak na bet\u00f3nov\u00fa hojdaciu sie\u0165, ide\u00e1lny pre bezpe\u010dn\u00fa a odoln\u00fa mont\u00e1\u017e. Ide\u00e1lne na vychutnanie si chv\u00ed\u013e relaxu s \u00faplnou d\u00f4verou. Vlastnosti: Ve\u013ekos\u0165 M8X45mm, \u0161peci\u00e1lne vhodn\u00e1 na bet\u00f3nov\u00e9 steny. Vyroben\u00e9 z nehrdzavej\u00facej ocele 304 pre v\u00e4\u010d\u0161iu odolnos\u0165. Odolnos\u0165 proti kor\u00f3zii, vhodn\u00e9 pre vonkaj\u0161ie pou\u017eitie. Navrhnut\u00e9 na bezpe\u010dn\u00fa podporu hojdac\u00edch siet\u00ed. Jednoduch\u00e1 a r\u00fdchla in\u0161tal\u00e1cia. Mo\u017eno pou\u017ei\u0165 v interi\u00e9ri aj exteri\u00e9ri. Pred\u00e1va sa v p\u00e1roch. Na\u0161a hojdacia sie\u0165 na bet\u00f3nov\u00fa stenu z nehrdzavej\u00facej ocele 304, ve\u013ekos\u0165 M8X45 mm, je navrhnut\u00e1 pre bezpe\u010dn\u00fa a odoln\u00fa in\u0161tal\u00e1ciu na bet\u00f3nov\u00e9 steny. Robustn\u00e1 a odoln\u00e1 vo\u010di kor\u00f3zii je ide\u00e1lna na bezpe\u010dn\u00e9 dr\u017eanie va\u0161ej hojdacej siete vo vn\u00fatri aj vonku. Toto svietidlo sa \u013eahko in\u0161taluje a je ide\u00e1lne na vytvorenie spo\u013eahliv\u00e9ho relaxa\u010dn\u00e9ho priestoru vo va\u0161om dome alebo z\u00e1hrade. Pre maxim\u00e1lnu stabilitu a bezkonkuren\u010dn\u00fa odolnos\u0165 sa rozhodnite pre n\u00e1\u0161 odoln\u00fd hojdacia sie\u0165, ktor\u00e1 je ide\u00e1lna pre ak\u00fdko\u013evek relaxa\u010dn\u00fd priestor. Pre optim\u00e1lne pohodlie tie\u017e presk\u00famajte na\u0161u kompletn\u00fa kolekciu podpier hojdacej siete, ktor\u00e1 je ide\u00e1lna na dotvorenie v\u00e1\u0161ho \u00fato\u010diska relax\u00e1cie v \u00faplnom bezpe\u010d\u00ed. Amacas garantuje r\u00fdchle doru\u010denie (72 hod\u00edn) \u0160tandardn\u00e9 bezplatn\u00e9 doru\u010denie! Franc\u00fazsky popredajn\u00fd servis a citliv\u00fd z\u00e1kazn\u00edcky servis<\/p>\n","protected":false},"excerpt":{"rendered":"<p>Rozhodnite sa pre n\u00e1stenn\u00fd dr\u017eiak na bet\u00f3nov\u00fa hojdaciu sie\u0165, ide\u00e1lny pre bezpe\u010dn\u00fa a odoln\u00fa mont\u00e1\u017e. Ide\u00e1lne na vychutnanie si chv\u00ed\u013e relaxu s \u00faplnou d\u00f4verou. Vlastnosti: Ve\u013ekos\u0165 M8X45mm, \u0161peci\u00e1lne vhodn\u00e1 na bet\u00f3nov\u00e9 steny. Vyroben\u00e9 z nehrdzavej\u00facej ocele 304 pre v\u00e4\u010d\u0161iu odolnos\u0165. Odolnos\u0165 proti kor\u00f3zii, vhodn\u00e9 pre vonkaj\u0161ie pou\u017eitie. Navrhnut\u00e9 na bezpe\u010dn\u00fa podporu hojdac\u00edch siet\u00ed. Jednoduch\u00e1 a [&hellip;]<\/p>\n","protected":false},"featured_media":12288,"comment_status":"closed","ping_status":"closed","template":"","meta":[],"product_brand":[],"product_cat":[],"product_tag":[280],"class_list":{"0":"post-11999","1":"product","2":"type-product","3":"status-publish","4":"has-post-thumbnail","6":"product_tag-fixation-hamac","8":"first","9":"instock","10":"sale","11":"taxable","12":"shipping-taxable","13":"purchasable","14":"product-type-simple"},"_links":{"self":[{"href":"https:\/\/hammocknest.com\/sk\/wp-json\/wp\/v2\/product\/11999","targetHints":{"allow":["GET"]}}],"collection":[{"href":"https:\/\/hammocknest.com\/sk\/wp-json\/wp\/v2\/product"}],"about":[{"href":"https:\/\/hammocknest.com\/sk\/wp-json\/wp\/v2\/types\/product"}],"replies":[{"embeddable":true,"href":"https:\/\/hammocknest.com\/sk\/wp-json\/wp\/v2\/comments?post=11999"}],"wp:featuredmedia":[{"embeddable":true,"href":"https:\/\/hammocknest.com\/sk\/wp-json\/wp\/v2\/media\/12288"}],"wp:attachment":[{"href":"https:\/\/hammocknest.com\/sk\/wp-json\/wp\/v2\/media?parent=11999"}],"wp:term":[{"taxonomy":"product_brand","embeddable":true,"href":"https:\/\/hammocknest.com\/sk\/wp-json\/wp\/v2\/product_brand?post=11999"},{"taxonomy":"product_cat","embeddable":true,"href":"https:\/\/hammocknest.com\/sk\/wp-json\/wp\/v2\/product_cat?post=11999"},{"taxonomy":"product_tag","embeddable":true,"href":"https:\/\/hammocknest.com\/sk\/wp-json\/wp\/v2\/product_tag?post=11999"}],"curies":[{"name":"wp","href":"https:\/\/api.w.org\/{rel}","templated":true}]}}