{"id":11989,"date":"2026-04-20T11:23:36","date_gmt":"2026-04-20T11:23:36","guid":{"rendered":"https:\/\/hammocknest.com\/sk\/?post_type=product&#038;p=11989"},"modified":"2026-04-20T11:26:40","modified_gmt":"2026-04-20T11:26:40","slug":"detsky-hojdackovy-sedak-nuvo-pohodlie-a-bezpecnost","status":"publish","type":"product","link":"https:\/\/hammocknest.com\/sk\/product\/detsky-hojdackovy-sedak-nuvo-pohodlie-a-bezpecnost\/","title":{"rendered":"Detsk\u00fd hojda\u010dkov\u00fd sed\u00e1k | Nuvo &#8211; Pohodlie a Bezpe\u010dnos\u0165"},"content":{"rendered":"","protected":false},"excerpt":{"rendered":"","protected":false},"featured_media":12278,"comment_status":"closed","ping_status":"closed","template":"","meta":[],"product_brand":[],"product_cat":[],"product_tag":[],"class_list":{"0":"post-11989","1":"product","2":"type-product","3":"status-publish","4":"has-post-thumbnail","7":"first","8":"instock","9":"taxable","10":"shipping-taxable","11":"purchasable","12":"product-type-simple"},"_links":{"self":[{"href":"https:\/\/hammocknest.com\/sk\/wp-json\/wp\/v2\/product\/11989","targetHints":{"allow":["GET"]}}],"collection":[{"href":"https:\/\/hammocknest.com\/sk\/wp-json\/wp\/v2\/product"}],"about":[{"href":"https:\/\/hammocknest.com\/sk\/wp-json\/wp\/v2\/types\/product"}],"replies":[{"embeddable":true,"href":"https:\/\/hammocknest.com\/sk\/wp-json\/wp\/v2\/comments?post=11989"}],"wp:featuredmedia":[{"embeddable":true,"href":"https:\/\/hammocknest.com\/sk\/wp-json\/wp\/v2\/media\/12278"}],"wp:attachment":[{"href":"https:\/\/hammocknest.com\/sk\/wp-json\/wp\/v2\/media?parent=11989"}],"wp:term":[{"taxonomy":"product_brand","embeddable":true,"href":"https:\/\/hammocknest.com\/sk\/wp-json\/wp\/v2\/product_brand?post=11989"},{"taxonomy":"product_cat","embeddable":true,"href":"https:\/\/hammocknest.com\/sk\/wp-json\/wp\/v2\/product_cat?post=11989"},{"taxonomy":"product_tag","embeddable":true,"href":"https:\/\/hammocknest.com\/sk\/wp-json\/wp\/v2\/product_tag?post=11989"}],"curies":[{"name":"wp","href":"https:\/\/api.w.org\/{rel}","templated":true}]}}