{"id":11961,"date":"2026-04-20T11:23:24","date_gmt":"2026-04-20T11:23:24","guid":{"rendered":"https:\/\/hammocknest.com\/sk\/?post_type=product&#038;p=11961"},"modified":"2026-04-20T11:35:18","modified_gmt":"2026-04-20T11:35:18","slug":"hamak-na-kupanie-pre-babatka-jules-ruzovy-idealne-pre-kvapky-proti-kolike-detske-ohradky-a-mliecne-nahrady","status":"publish","type":"product","link":"https:\/\/hammocknest.com\/sk\/product\/hamak-na-kupanie-pre-babatka-jules-ruzovy-idealne-pre-kvapky-proti-kolike-detske-ohradky-a-mliecne-nahrady\/","title":{"rendered":"Hamak na k\u00fapanie pre b\u00e1b\u00e4tk\u00e1 | Jules &#8211; Ru\u017eov\u00fd &#8211; Ide\u00e1lne pre kvapky proti kolike, detsk\u00e9 ohr\u00e1dky a mlie\u010dne n\u00e1hrady"},"content":{"rendered":"","protected":false},"excerpt":{"rendered":"","protected":false},"featured_media":12250,"comment_status":"closed","ping_status":"closed","template":"","meta":[],"product_brand":[],"product_cat":[],"product_tag":[285],"class_list":{"0":"post-11961","1":"product","2":"type-product","3":"status-publish","4":"has-post-thumbnail","6":"product_tag-hamac-bebe","8":"first","9":"instock","10":"taxable","11":"shipping-taxable","12":"purchasable","13":"product-type-variable"},"_links":{"self":[{"href":"https:\/\/hammocknest.com\/sk\/wp-json\/wp\/v2\/product\/11961","targetHints":{"allow":["GET"]}}],"collection":[{"href":"https:\/\/hammocknest.com\/sk\/wp-json\/wp\/v2\/product"}],"about":[{"href":"https:\/\/hammocknest.com\/sk\/wp-json\/wp\/v2\/types\/product"}],"replies":[{"embeddable":true,"href":"https:\/\/hammocknest.com\/sk\/wp-json\/wp\/v2\/comments?post=11961"}],"wp:featuredmedia":[{"embeddable":true,"href":"https:\/\/hammocknest.com\/sk\/wp-json\/wp\/v2\/media\/12250"}],"wp:attachment":[{"href":"https:\/\/hammocknest.com\/sk\/wp-json\/wp\/v2\/media?parent=11961"}],"wp:term":[{"taxonomy":"product_brand","embeddable":true,"href":"https:\/\/hammocknest.com\/sk\/wp-json\/wp\/v2\/product_brand?post=11961"},{"taxonomy":"product_cat","embeddable":true,"href":"https:\/\/hammocknest.com\/sk\/wp-json\/wp\/v2\/product_cat?post=11961"},{"taxonomy":"product_tag","embeddable":true,"href":"https:\/\/hammocknest.com\/sk\/wp-json\/wp\/v2\/product_tag?post=11961"}],"curies":[{"name":"wp","href":"https:\/\/api.w.org\/{rel}","templated":true}]}}