{"id":11899,"date":"2026-04-20T11:22:51","date_gmt":"2026-04-20T11:22:51","guid":{"rendered":"https:\/\/hammocknest.com\/sk\/?post_type=product&#038;p=11899"},"modified":"2026-04-20T11:25:36","modified_gmt":"2026-04-20T11:25:36","slug":"hamak-z-padakovou-tkaninou-ralph-idealny-na-relaxaciu","status":"publish","type":"product","link":"https:\/\/hammocknest.com\/sk\/product\/hamak-z-padakovou-tkaninou-ralph-idealny-na-relaxaciu\/","title":{"rendered":"Hamak z pad\u00e1kovou tkaninou | Ralph &#8211; Ide\u00e1lny na relax\u00e1ciu"},"content":{"rendered":"","protected":false},"excerpt":{"rendered":"","protected":false},"featured_media":12188,"comment_status":"closed","ping_status":"closed","template":"","meta":[],"product_brand":[],"product_cat":[292],"product_tag":[281],"class_list":{"0":"post-11899","1":"product","2":"type-product","3":"status-publish","4":"has-post-thumbnail","6":"product_cat-nafukovacie-hammaky","7":"product_tag-hamac-moustiquaire","9":"first","10":"instock","11":"taxable","12":"shipping-taxable","13":"purchasable","14":"product-type-simple"},"_links":{"self":[{"href":"https:\/\/hammocknest.com\/sk\/wp-json\/wp\/v2\/product\/11899","targetHints":{"allow":["GET"]}}],"collection":[{"href":"https:\/\/hammocknest.com\/sk\/wp-json\/wp\/v2\/product"}],"about":[{"href":"https:\/\/hammocknest.com\/sk\/wp-json\/wp\/v2\/types\/product"}],"replies":[{"embeddable":true,"href":"https:\/\/hammocknest.com\/sk\/wp-json\/wp\/v2\/comments?post=11899"}],"wp:featuredmedia":[{"embeddable":true,"href":"https:\/\/hammocknest.com\/sk\/wp-json\/wp\/v2\/media\/12188"}],"wp:attachment":[{"href":"https:\/\/hammocknest.com\/sk\/wp-json\/wp\/v2\/media?parent=11899"}],"wp:term":[{"taxonomy":"product_brand","embeddable":true,"href":"https:\/\/hammocknest.com\/sk\/wp-json\/wp\/v2\/product_brand?post=11899"},{"taxonomy":"product_cat","embeddable":true,"href":"https:\/\/hammocknest.com\/sk\/wp-json\/wp\/v2\/product_cat?post=11899"},{"taxonomy":"product_tag","embeddable":true,"href":"https:\/\/hammocknest.com\/sk\/wp-json\/wp\/v2\/product_tag?post=11899"}],"curies":[{"name":"wp","href":"https:\/\/api.w.org\/{rel}","templated":true}]}}