{"id":11896,"date":"2026-04-20T11:22:50","date_gmt":"2026-04-20T11:22:50","guid":{"rendered":"https:\/\/hammocknest.com\/sk\/?post_type=product&#038;p=11896"},"modified":"2026-04-20T11:25:34","modified_gmt":"2026-04-20T11:25:34","slug":"bavlneny-hamak-enoal-pohodlie-sa-stretava-so-stylom","status":"publish","type":"product","link":"https:\/\/hammocknest.com\/sk\/product\/bavlneny-hamak-enoal-pohodlie-sa-stretava-so-stylom\/","title":{"rendered":"Bavlnen\u00fd Hamak | Enoal &#8211; Pohodlie sa Stret\u00e1va so \u0160t\u00fdlom"},"content":{"rendered":"","protected":false},"excerpt":{"rendered":"","protected":false},"featured_media":12185,"comment_status":"closed","ping_status":"closed","template":"","meta":[],"product_brand":[],"product_cat":[289],"product_tag":[286],"class_list":{"0":"post-11896","1":"product","2":"type-product","3":"status-publish","4":"has-post-thumbnail","6":"product_cat-hammaky-na-stojane","7":"product_tag-hamac","9":"first","10":"instock","11":"taxable","12":"shipping-taxable","13":"purchasable","14":"product-type-simple"},"_links":{"self":[{"href":"https:\/\/hammocknest.com\/sk\/wp-json\/wp\/v2\/product\/11896","targetHints":{"allow":["GET"]}}],"collection":[{"href":"https:\/\/hammocknest.com\/sk\/wp-json\/wp\/v2\/product"}],"about":[{"href":"https:\/\/hammocknest.com\/sk\/wp-json\/wp\/v2\/types\/product"}],"replies":[{"embeddable":true,"href":"https:\/\/hammocknest.com\/sk\/wp-json\/wp\/v2\/comments?post=11896"}],"wp:featuredmedia":[{"embeddable":true,"href":"https:\/\/hammocknest.com\/sk\/wp-json\/wp\/v2\/media\/12185"}],"wp:attachment":[{"href":"https:\/\/hammocknest.com\/sk\/wp-json\/wp\/v2\/media?parent=11896"}],"wp:term":[{"taxonomy":"product_brand","embeddable":true,"href":"https:\/\/hammocknest.com\/sk\/wp-json\/wp\/v2\/product_brand?post=11896"},{"taxonomy":"product_cat","embeddable":true,"href":"https:\/\/hammocknest.com\/sk\/wp-json\/wp\/v2\/product_cat?post=11896"},{"taxonomy":"product_tag","embeddable":true,"href":"https:\/\/hammocknest.com\/sk\/wp-json\/wp\/v2\/product_tag?post=11896"}],"curies":[{"name":"wp","href":"https:\/\/api.w.org\/{rel}","templated":true}]}}