{"id":11893,"date":"2026-04-20T11:22:48","date_gmt":"2026-04-20T11:22:48","guid":{"rendered":"https:\/\/hammocknest.com\/sk\/?post_type=product&#038;p=11893"},"modified":"2026-04-20T11:25:33","modified_gmt":"2026-04-20T11:25:33","slug":"interierovy-hamak-eneko-idealny-pre-ratanovy-zahradny-nabytok","status":"publish","type":"product","link":"https:\/\/hammocknest.com\/sk\/product\/interierovy-hamak-eneko-idealny-pre-ratanovy-zahradny-nabytok\/","title":{"rendered":"Interi\u00e9rov\u00fd Hamak | Eneko &#8211; Ide\u00e1lny pre Ratanov\u00fd Z\u00e1hradn\u00fd N\u00e1bytok"},"content":{"rendered":"","protected":false},"excerpt":{"rendered":"","protected":false},"featured_media":12182,"comment_status":"closed","ping_status":"closed","template":"","meta":[],"product_brand":[],"product_cat":[291],"product_tag":[286],"class_list":{"0":"post-11893","1":"product","2":"type-product","3":"status-publish","4":"has-post-thumbnail","6":"product_cat-zahradne-a-interierove-hammaky","7":"product_tag-hamac","9":"first","10":"instock","11":"taxable","12":"shipping-taxable","13":"purchasable","14":"product-type-simple"},"_links":{"self":[{"href":"https:\/\/hammocknest.com\/sk\/wp-json\/wp\/v2\/product\/11893","targetHints":{"allow":["GET"]}}],"collection":[{"href":"https:\/\/hammocknest.com\/sk\/wp-json\/wp\/v2\/product"}],"about":[{"href":"https:\/\/hammocknest.com\/sk\/wp-json\/wp\/v2\/types\/product"}],"replies":[{"embeddable":true,"href":"https:\/\/hammocknest.com\/sk\/wp-json\/wp\/v2\/comments?post=11893"}],"wp:featuredmedia":[{"embeddable":true,"href":"https:\/\/hammocknest.com\/sk\/wp-json\/wp\/v2\/media\/12182"}],"wp:attachment":[{"href":"https:\/\/hammocknest.com\/sk\/wp-json\/wp\/v2\/media?parent=11893"}],"wp:term":[{"taxonomy":"product_brand","embeddable":true,"href":"https:\/\/hammocknest.com\/sk\/wp-json\/wp\/v2\/product_brand?post=11893"},{"taxonomy":"product_cat","embeddable":true,"href":"https:\/\/hammocknest.com\/sk\/wp-json\/wp\/v2\/product_cat?post=11893"},{"taxonomy":"product_tag","embeddable":true,"href":"https:\/\/hammocknest.com\/sk\/wp-json\/wp\/v2\/product_tag?post=11893"}],"curies":[{"name":"wp","href":"https:\/\/api.w.org\/{rel}","templated":true}]}}