{"id":11887,"date":"2026-04-20T11:22:45","date_gmt":"2026-04-20T11:22:45","guid":{"rendered":"https:\/\/hammocknest.com\/sk\/?post_type=product&#038;p=11887"},"modified":"2026-04-20T11:25:29","modified_gmt":"2026-04-20T11:25:29","slug":"hamakova-plachta-na-stojan-leolo-idealna-pre-vasu-vonkajsiu-zostavu","status":"publish","type":"product","link":"https:\/\/hammocknest.com\/sk\/product\/hamakova-plachta-na-stojan-leolo-idealna-pre-vasu-vonkajsiu-zostavu\/","title":{"rendered":"Hamakov\u00e1 Plachta na Stojan | Leolo | Ide\u00e1lna pre Va\u0161u Vonkaj\u0161iu Zostavu"},"content":{"rendered":"","protected":false},"excerpt":{"rendered":"","protected":false},"featured_media":12176,"comment_status":"closed","ping_status":"closed","template":"","meta":[],"product_brand":[],"product_cat":[],"product_tag":[286],"class_list":{"0":"post-11887","1":"product","2":"type-product","3":"status-publish","4":"has-post-thumbnail","6":"product_tag-hamac","8":"first","9":"instock","10":"taxable","11":"shipping-taxable","12":"purchasable","13":"product-type-simple"},"_links":{"self":[{"href":"https:\/\/hammocknest.com\/sk\/wp-json\/wp\/v2\/product\/11887","targetHints":{"allow":["GET"]}}],"collection":[{"href":"https:\/\/hammocknest.com\/sk\/wp-json\/wp\/v2\/product"}],"about":[{"href":"https:\/\/hammocknest.com\/sk\/wp-json\/wp\/v2\/types\/product"}],"replies":[{"embeddable":true,"href":"https:\/\/hammocknest.com\/sk\/wp-json\/wp\/v2\/comments?post=11887"}],"wp:featuredmedia":[{"embeddable":true,"href":"https:\/\/hammocknest.com\/sk\/wp-json\/wp\/v2\/media\/12176"}],"wp:attachment":[{"href":"https:\/\/hammocknest.com\/sk\/wp-json\/wp\/v2\/media?parent=11887"}],"wp:term":[{"taxonomy":"product_brand","embeddable":true,"href":"https:\/\/hammocknest.com\/sk\/wp-json\/wp\/v2\/product_brand?post=11887"},{"taxonomy":"product_cat","embeddable":true,"href":"https:\/\/hammocknest.com\/sk\/wp-json\/wp\/v2\/product_cat?post=11887"},{"taxonomy":"product_tag","embeddable":true,"href":"https:\/\/hammocknest.com\/sk\/wp-json\/wp\/v2\/product_tag?post=11887"}],"curies":[{"name":"wp","href":"https:\/\/api.w.org\/{rel}","templated":true}]}}