{"id":11856,"date":"2026-04-20T11:22:33","date_gmt":"2026-04-20T11:22:33","guid":{"rendered":"https:\/\/hammocknest.com\/sk\/?post_type=product&#038;p=11856"},"modified":"2026-04-20T11:25:05","modified_gmt":"2026-04-20T11:25:05","slug":"zavesny-hamak-na-strom-kiara-idealny-pre-vas-stojan-na-oblecenie","status":"publish","type":"product","link":"https:\/\/hammocknest.com\/sk\/product\/zavesny-hamak-na-strom-kiara-idealny-pre-vas-stojan-na-oblecenie\/","title":{"rendered":"Z\u00e1vesn\u00fd Hamak na Strom | Kiara &#8211; Ide\u00e1lny pre V\u00e1\u0161 Stojan na Oble\u010denie"},"content":{"rendered":"","protected":false},"excerpt":{"rendered":"","protected":false},"featured_media":12145,"comment_status":"closed","ping_status":"closed","template":"","meta":[],"product_brand":[],"product_cat":[289],"product_tag":[282],"class_list":{"0":"post-11856","1":"product","2":"type-product","3":"status-publish","4":"has-post-thumbnail","6":"product_cat-hammaky-na-stojane","7":"product_tag-hamac-suspendu","9":"first","10":"instock","11":"taxable","12":"shipping-taxable","13":"purchasable","14":"product-type-simple"},"_links":{"self":[{"href":"https:\/\/hammocknest.com\/sk\/wp-json\/wp\/v2\/product\/11856","targetHints":{"allow":["GET"]}}],"collection":[{"href":"https:\/\/hammocknest.com\/sk\/wp-json\/wp\/v2\/product"}],"about":[{"href":"https:\/\/hammocknest.com\/sk\/wp-json\/wp\/v2\/types\/product"}],"replies":[{"embeddable":true,"href":"https:\/\/hammocknest.com\/sk\/wp-json\/wp\/v2\/comments?post=11856"}],"wp:featuredmedia":[{"embeddable":true,"href":"https:\/\/hammocknest.com\/sk\/wp-json\/wp\/v2\/media\/12145"}],"wp:attachment":[{"href":"https:\/\/hammocknest.com\/sk\/wp-json\/wp\/v2\/media?parent=11856"}],"wp:term":[{"taxonomy":"product_brand","embeddable":true,"href":"https:\/\/hammocknest.com\/sk\/wp-json\/wp\/v2\/product_brand?post=11856"},{"taxonomy":"product_cat","embeddable":true,"href":"https:\/\/hammocknest.com\/sk\/wp-json\/wp\/v2\/product_cat?post=11856"},{"taxonomy":"product_tag","embeddable":true,"href":"https:\/\/hammocknest.com\/sk\/wp-json\/wp\/v2\/product_tag?post=11856"}],"curies":[{"name":"wp","href":"https:\/\/api.w.org\/{rel}","templated":true}]}}