{"id":11855,"date":"2026-04-20T11:22:33","date_gmt":"2026-04-20T11:22:33","guid":{"rendered":"https:\/\/hammocknest.com\/sk\/?post_type=product&#038;p=11855"},"modified":"2026-04-20T11:35:12","modified_gmt":"2026-04-20T11:35:12","slug":"zavesna-hamak-stolicka-finn-idealna-pre-vas-priestor","status":"publish","type":"product","link":"https:\/\/hammocknest.com\/sk\/product\/zavesna-hamak-stolicka-finn-idealna-pre-vas-priestor\/","title":{"rendered":"Z\u00e1vesn\u00e1 H\u00e1mak Stoli\u010dka | Finn &#8211; Ide\u00e1lna pre V\u00e1\u0161 Priestor"},"content":{"rendered":"","protected":false},"excerpt":{"rendered":"","protected":false},"featured_media":12144,"comment_status":"closed","ping_status":"closed","template":"","meta":[],"product_brand":[],"product_cat":[289],"product_tag":[282],"class_list":{"0":"post-11855","1":"product","2":"type-product","3":"status-publish","4":"has-post-thumbnail","6":"product_cat-hammaky-na-stojane","7":"product_tag-hamac-suspendu","9":"first","10":"instock","11":"taxable","12":"shipping-taxable","13":"purchasable","14":"product-type-variable"},"_links":{"self":[{"href":"https:\/\/hammocknest.com\/sk\/wp-json\/wp\/v2\/product\/11855","targetHints":{"allow":["GET"]}}],"collection":[{"href":"https:\/\/hammocknest.com\/sk\/wp-json\/wp\/v2\/product"}],"about":[{"href":"https:\/\/hammocknest.com\/sk\/wp-json\/wp\/v2\/types\/product"}],"replies":[{"embeddable":true,"href":"https:\/\/hammocknest.com\/sk\/wp-json\/wp\/v2\/comments?post=11855"}],"wp:featuredmedia":[{"embeddable":true,"href":"https:\/\/hammocknest.com\/sk\/wp-json\/wp\/v2\/media\/12144"}],"wp:attachment":[{"href":"https:\/\/hammocknest.com\/sk\/wp-json\/wp\/v2\/media?parent=11855"}],"wp:term":[{"taxonomy":"product_brand","embeddable":true,"href":"https:\/\/hammocknest.com\/sk\/wp-json\/wp\/v2\/product_brand?post=11855"},{"taxonomy":"product_cat","embeddable":true,"href":"https:\/\/hammocknest.com\/sk\/wp-json\/wp\/v2\/product_cat?post=11855"},{"taxonomy":"product_tag","embeddable":true,"href":"https:\/\/hammocknest.com\/sk\/wp-json\/wp\/v2\/product_tag?post=11855"}],"curies":[{"name":"wp","href":"https:\/\/api.w.org\/{rel}","templated":true}]}}