{"id":11845,"date":"2026-04-20T11:22:28","date_gmt":"2026-04-20T11:22:28","guid":{"rendered":"https:\/\/hammocknest.com\/sk\/?post_type=product&#038;p=11845"},"modified":"2026-04-20T11:35:09","modified_gmt":"2026-04-20T11:35:09","slug":"dzunglovy-hamak-divoky-idealny-pre-vase-ratanove-zahradne-nabytok","status":"publish","type":"product","link":"https:\/\/hammocknest.com\/sk\/product\/dzunglovy-hamak-divoky-idealny-pre-vase-ratanove-zahradne-nabytok\/","title":{"rendered":"D\u017eung\u013eov\u00fd Hamak | Divok\u00fd &#8211; Ide\u00e1lny pre Va\u0161e Ratanov\u00e9 Z\u00e1hradn\u00e9 N\u00e1bytok"},"content":{"rendered":"","protected":false},"excerpt":{"rendered":"","protected":false},"featured_media":12134,"comment_status":"closed","ping_status":"closed","template":"","meta":[],"product_brand":[],"product_cat":[291],"product_tag":[281],"class_list":{"0":"post-11845","1":"product","2":"type-product","3":"status-publish","4":"has-post-thumbnail","6":"product_cat-zahradne-a-interierove-hammaky","7":"product_tag-hamac-moustiquaire","9":"first","10":"instock","11":"taxable","12":"shipping-taxable","13":"purchasable","14":"product-type-variable"},"_links":{"self":[{"href":"https:\/\/hammocknest.com\/sk\/wp-json\/wp\/v2\/product\/11845","targetHints":{"allow":["GET"]}}],"collection":[{"href":"https:\/\/hammocknest.com\/sk\/wp-json\/wp\/v2\/product"}],"about":[{"href":"https:\/\/hammocknest.com\/sk\/wp-json\/wp\/v2\/types\/product"}],"replies":[{"embeddable":true,"href":"https:\/\/hammocknest.com\/sk\/wp-json\/wp\/v2\/comments?post=11845"}],"wp:featuredmedia":[{"embeddable":true,"href":"https:\/\/hammocknest.com\/sk\/wp-json\/wp\/v2\/media\/12134"}],"wp:attachment":[{"href":"https:\/\/hammocknest.com\/sk\/wp-json\/wp\/v2\/media?parent=11845"}],"wp:term":[{"taxonomy":"product_brand","embeddable":true,"href":"https:\/\/hammocknest.com\/sk\/wp-json\/wp\/v2\/product_brand?post=11845"},{"taxonomy":"product_cat","embeddable":true,"href":"https:\/\/hammocknest.com\/sk\/wp-json\/wp\/v2\/product_cat?post=11845"},{"taxonomy":"product_tag","embeddable":true,"href":"https:\/\/hammocknest.com\/sk\/wp-json\/wp\/v2\/product_tag?post=11845"}],"curies":[{"name":"wp","href":"https:\/\/api.w.org\/{rel}","templated":true}]}}