{"id":11841,"date":"2026-04-20T11:22:26","date_gmt":"2026-04-20T11:22:26","guid":{"rendered":"https:\/\/hammocknest.com\/sk\/?post_type=product&#038;p=11841"},"modified":"2026-04-20T11:35:08","modified_gmt":"2026-04-20T11:35:08","slug":"kruhova-macacia-hojdacka-dinah-idealna-pre-maine-coons","status":"publish","type":"product","link":"https:\/\/hammocknest.com\/sk\/product\/kruhova-macacia-hojdacka-dinah-idealna-pre-maine-coons\/","title":{"rendered":"Kruhov\u00e1 Ma\u010dacia Hojda\u010dka | Dinah &#8211; Ide\u00e1lna pre Maine Coons"},"content":{"rendered":"","protected":false},"excerpt":{"rendered":"","protected":false},"featured_media":12130,"comment_status":"closed","ping_status":"closed","template":"","meta":[],"product_brand":[],"product_cat":[298,293],"product_tag":[284],"class_list":{"0":"post-11841","1":"product","2":"type-product","3":"status-publish","4":"has-post-thumbnail","6":"product_cat-hammaky-pre-macky","7":"product_cat-macacie-hammaky","8":"product_tag-hamac-pour-chat","10":"first","11":"instock","12":"taxable","13":"shipping-taxable","14":"purchasable","15":"product-type-variable"},"_links":{"self":[{"href":"https:\/\/hammocknest.com\/sk\/wp-json\/wp\/v2\/product\/11841","targetHints":{"allow":["GET"]}}],"collection":[{"href":"https:\/\/hammocknest.com\/sk\/wp-json\/wp\/v2\/product"}],"about":[{"href":"https:\/\/hammocknest.com\/sk\/wp-json\/wp\/v2\/types\/product"}],"replies":[{"embeddable":true,"href":"https:\/\/hammocknest.com\/sk\/wp-json\/wp\/v2\/comments?post=11841"}],"wp:featuredmedia":[{"embeddable":true,"href":"https:\/\/hammocknest.com\/sk\/wp-json\/wp\/v2\/media\/12130"}],"wp:attachment":[{"href":"https:\/\/hammocknest.com\/sk\/wp-json\/wp\/v2\/media?parent=11841"}],"wp:term":[{"taxonomy":"product_brand","embeddable":true,"href":"https:\/\/hammocknest.com\/sk\/wp-json\/wp\/v2\/product_brand?post=11841"},{"taxonomy":"product_cat","embeddable":true,"href":"https:\/\/hammocknest.com\/sk\/wp-json\/wp\/v2\/product_cat?post=11841"},{"taxonomy":"product_tag","embeddable":true,"href":"https:\/\/hammocknest.com\/sk\/wp-json\/wp\/v2\/product_tag?post=11841"}],"curies":[{"name":"wp","href":"https:\/\/api.w.org\/{rel}","templated":true}]}}