{"id":11832,"date":"2026-04-20T11:22:21","date_gmt":"2026-04-20T11:22:21","guid":{"rendered":"https:\/\/hammocknest.com\/sk\/?post_type=product&#038;p=11832"},"modified":"2026-04-20T11:24:42","modified_gmt":"2026-04-20T11:24:42","slug":"hammock-na-okno-pre-macky-norway-idealny-pre-vasu-macku","status":"publish","type":"product","link":"https:\/\/hammocknest.com\/sk\/product\/hammock-na-okno-pre-macky-norway-idealny-pre-vasu-macku\/","title":{"rendered":"Hammock na Okno pre Ma\u010dky | Norway &#8211; Ide\u00e1lny pre Va\u0161u Ma\u010dku"},"content":{"rendered":"","protected":false},"excerpt":{"rendered":"","protected":false},"featured_media":12121,"comment_status":"closed","ping_status":"closed","template":"","meta":[],"product_brand":[],"product_cat":[294,299],"product_tag":[283],"class_list":{"0":"post-11832","1":"product","2":"type-product","3":"status-publish","4":"has-post-thumbnail","6":"product_cat-okenne-hammaky","7":"product_cat-okenne-macacie-hammaky","8":"product_tag-hamac-chat-fenetre","10":"first","11":"instock","12":"taxable","13":"shipping-taxable","14":"purchasable","15":"product-type-simple"},"_links":{"self":[{"href":"https:\/\/hammocknest.com\/sk\/wp-json\/wp\/v2\/product\/11832","targetHints":{"allow":["GET"]}}],"collection":[{"href":"https:\/\/hammocknest.com\/sk\/wp-json\/wp\/v2\/product"}],"about":[{"href":"https:\/\/hammocknest.com\/sk\/wp-json\/wp\/v2\/types\/product"}],"replies":[{"embeddable":true,"href":"https:\/\/hammocknest.com\/sk\/wp-json\/wp\/v2\/comments?post=11832"}],"wp:featuredmedia":[{"embeddable":true,"href":"https:\/\/hammocknest.com\/sk\/wp-json\/wp\/v2\/media\/12121"}],"wp:attachment":[{"href":"https:\/\/hammocknest.com\/sk\/wp-json\/wp\/v2\/media?parent=11832"}],"wp:term":[{"taxonomy":"product_brand","embeddable":true,"href":"https:\/\/hammocknest.com\/sk\/wp-json\/wp\/v2\/product_brand?post=11832"},{"taxonomy":"product_cat","embeddable":true,"href":"https:\/\/hammocknest.com\/sk\/wp-json\/wp\/v2\/product_cat?post=11832"},{"taxonomy":"product_tag","embeddable":true,"href":"https:\/\/hammocknest.com\/sk\/wp-json\/wp\/v2\/product_tag?post=11832"}],"curies":[{"name":"wp","href":"https:\/\/api.w.org\/{rel}","templated":true}]}}