{"id":11831,"date":"2026-04-20T11:22:20","date_gmt":"2026-04-20T11:22:20","guid":{"rendered":"https:\/\/hammocknest.com\/sk\/?post_type=product&#038;p=11831"},"modified":"2026-04-20T11:24:41","modified_gmt":"2026-04-20T11:24:41","slug":"hamac-pre-macky-na-prisavkach-isis-idealny-pre-okno","status":"publish","type":"product","link":"https:\/\/hammocknest.com\/sk\/product\/hamac-pre-macky-na-prisavkach-isis-idealny-pre-okno\/","title":{"rendered":"Hamac pre ma\u010dky na pr\u00edsavk\u00e1ch | Isis &#8211; Ide\u00e1lny pre okno"},"content":{"rendered":"","protected":false},"excerpt":{"rendered":"","protected":false},"featured_media":12120,"comment_status":"closed","ping_status":"closed","template":"","meta":[],"product_brand":[],"product_cat":[294,299],"product_tag":[283],"class_list":{"0":"post-11831","1":"product","2":"type-product","3":"status-publish","4":"has-post-thumbnail","6":"product_cat-okenne-hammaky","7":"product_cat-okenne-macacie-hammaky","8":"product_tag-hamac-chat-fenetre","10":"first","11":"instock","12":"taxable","13":"shipping-taxable","14":"purchasable","15":"product-type-simple"},"_links":{"self":[{"href":"https:\/\/hammocknest.com\/sk\/wp-json\/wp\/v2\/product\/11831","targetHints":{"allow":["GET"]}}],"collection":[{"href":"https:\/\/hammocknest.com\/sk\/wp-json\/wp\/v2\/product"}],"about":[{"href":"https:\/\/hammocknest.com\/sk\/wp-json\/wp\/v2\/types\/product"}],"replies":[{"embeddable":true,"href":"https:\/\/hammocknest.com\/sk\/wp-json\/wp\/v2\/comments?post=11831"}],"wp:featuredmedia":[{"embeddable":true,"href":"https:\/\/hammocknest.com\/sk\/wp-json\/wp\/v2\/media\/12120"}],"wp:attachment":[{"href":"https:\/\/hammocknest.com\/sk\/wp-json\/wp\/v2\/media?parent=11831"}],"wp:term":[{"taxonomy":"product_brand","embeddable":true,"href":"https:\/\/hammocknest.com\/sk\/wp-json\/wp\/v2\/product_brand?post=11831"},{"taxonomy":"product_cat","embeddable":true,"href":"https:\/\/hammocknest.com\/sk\/wp-json\/wp\/v2\/product_cat?post=11831"},{"taxonomy":"product_tag","embeddable":true,"href":"https:\/\/hammocknest.com\/sk\/wp-json\/wp\/v2\/product_tag?post=11831"}],"curies":[{"name":"wp","href":"https:\/\/api.w.org\/{rel}","templated":true}]}}