{"id":11826,"date":"2026-04-20T11:22:18","date_gmt":"2026-04-20T11:22:18","guid":{"rendered":"https:\/\/hammocknest.com\/sk\/?post_type=product&#038;p=11826"},"modified":"2026-04-20T11:35:02","modified_gmt":"2026-04-20T11:35:02","slug":"zavesny-kruh-hamak-kjude-idealny-pre-ratanovy-zahradny-nabytok","status":"publish","type":"product","link":"https:\/\/hammocknest.com\/sk\/product\/zavesny-kruh-hamak-kjude-idealny-pre-ratanovy-zahradny-nabytok\/","title":{"rendered":"Z\u00e1vesn\u00fd Kruh Hamak | Kjude &#8211; Ide\u00e1lny pre Ratanov\u00fd Z\u00e1hradn\u00fd N\u00e1bytok"},"content":{"rendered":"","protected":false},"excerpt":{"rendered":"","protected":false},"featured_media":12115,"comment_status":"closed","ping_status":"closed","template":"","meta":[],"product_brand":[],"product_cat":[291],"product_tag":[282],"class_list":{"0":"post-11826","1":"product","2":"type-product","3":"status-publish","4":"has-post-thumbnail","6":"product_cat-zahradne-a-interierove-hammaky","7":"product_tag-hamac-suspendu","9":"first","10":"instock","11":"taxable","12":"shipping-taxable","13":"purchasable","14":"product-type-variable"},"_links":{"self":[{"href":"https:\/\/hammocknest.com\/sk\/wp-json\/wp\/v2\/product\/11826","targetHints":{"allow":["GET"]}}],"collection":[{"href":"https:\/\/hammocknest.com\/sk\/wp-json\/wp\/v2\/product"}],"about":[{"href":"https:\/\/hammocknest.com\/sk\/wp-json\/wp\/v2\/types\/product"}],"replies":[{"embeddable":true,"href":"https:\/\/hammocknest.com\/sk\/wp-json\/wp\/v2\/comments?post=11826"}],"wp:featuredmedia":[{"embeddable":true,"href":"https:\/\/hammocknest.com\/sk\/wp-json\/wp\/v2\/media\/12115"}],"wp:attachment":[{"href":"https:\/\/hammocknest.com\/sk\/wp-json\/wp\/v2\/media?parent=11826"}],"wp:term":[{"taxonomy":"product_brand","embeddable":true,"href":"https:\/\/hammocknest.com\/sk\/wp-json\/wp\/v2\/product_brand?post=11826"},{"taxonomy":"product_cat","embeddable":true,"href":"https:\/\/hammocknest.com\/sk\/wp-json\/wp\/v2\/product_cat?post=11826"},{"taxonomy":"product_tag","embeddable":true,"href":"https:\/\/hammocknest.com\/sk\/wp-json\/wp\/v2\/product_tag?post=11826"}],"curies":[{"name":"wp","href":"https:\/\/api.w.org\/{rel}","templated":true}]}}