{"id":12103,"date":"2026-04-20T11:48:49","date_gmt":"2026-04-20T11:48:49","guid":{"rendered":"https:\/\/hammocknest.com\/ro\/?post_type=product&#038;p=12103"},"modified":"2026-04-20T11:52:06","modified_gmt":"2026-04-20T11:52:06","slug":"carlig-de-fixare-pentru-hamac-primavara","status":"publish","type":"product","link":"https:\/\/hammocknest.com\/ro\/product\/carlig-de-fixare-pentru-hamac-primavara\/","title":{"rendered":"C\u00e2rlig de Fixare pentru Hamac | Prim\u0103var\u0103"},"content":{"rendered":"","protected":false},"excerpt":{"rendered":"","protected":false},"featured_media":12392,"comment_status":"closed","ping_status":"closed","template":"","meta":[],"product_brand":[],"product_cat":[289],"product_tag":[280],"class_list":{"0":"post-12103","1":"product","2":"type-product","3":"status-publish","4":"has-post-thumbnail","6":"product_cat-hamace-pe-suport","7":"product_tag-fixation-hamac","9":"first","10":"instock","11":"taxable","12":"shipping-taxable","13":"purchasable","14":"product-type-simple"},"_links":{"self":[{"href":"https:\/\/hammocknest.com\/ro\/wp-json\/wp\/v2\/product\/12103","targetHints":{"allow":["GET"]}}],"collection":[{"href":"https:\/\/hammocknest.com\/ro\/wp-json\/wp\/v2\/product"}],"about":[{"href":"https:\/\/hammocknest.com\/ro\/wp-json\/wp\/v2\/types\/product"}],"replies":[{"embeddable":true,"href":"https:\/\/hammocknest.com\/ro\/wp-json\/wp\/v2\/comments?post=12103"}],"wp:featuredmedia":[{"embeddable":true,"href":"https:\/\/hammocknest.com\/ro\/wp-json\/wp\/v2\/media\/12392"}],"wp:attachment":[{"href":"https:\/\/hammocknest.com\/ro\/wp-json\/wp\/v2\/media?parent=12103"}],"wp:term":[{"taxonomy":"product_brand","embeddable":true,"href":"https:\/\/hammocknest.com\/ro\/wp-json\/wp\/v2\/product_brand?post=12103"},{"taxonomy":"product_cat","embeddable":true,"href":"https:\/\/hammocknest.com\/ro\/wp-json\/wp\/v2\/product_cat?post=12103"},{"taxonomy":"product_tag","embeddable":true,"href":"https:\/\/hammocknest.com\/ro\/wp-json\/wp\/v2\/product_tag?post=12103"}],"curies":[{"name":"wp","href":"https:\/\/api.w.org\/{rel}","templated":true}]}}