{"id":12069,"date":"2026-04-20T11:48:36","date_gmt":"2026-04-20T11:48:36","guid":{"rendered":"https:\/\/hammocknest.com\/ro\/?post_type=product&#038;p=12069"},"modified":"2026-04-20T11:51:41","modified_gmt":"2026-04-20T11:51:41","slug":"hamaca-portabila-pentru-pisici-la-fereastra-gizmo-perfecta-pentru-jaluzele","status":"publish","type":"product","link":"https:\/\/hammocknest.com\/ro\/product\/hamaca-portabila-pentru-pisici-la-fereastra-gizmo-perfecta-pentru-jaluzele\/","title":{"rendered":"Hamaca Portabil\u0103 pentru Pisici la Fereastr\u0103 | Gizmo &#8211; Perfect\u0103 pentru Jaluzele"},"content":{"rendered":"","protected":false},"excerpt":{"rendered":"","protected":false},"featured_media":12358,"comment_status":"closed","ping_status":"closed","template":"","meta":[],"product_brand":[],"product_cat":[],"product_tag":[283],"class_list":{"0":"post-12069","1":"product","2":"type-product","3":"status-publish","4":"has-post-thumbnail","6":"product_tag-hamac-chat-fenetre","8":"first","9":"instock","10":"taxable","11":"shipping-taxable","12":"purchasable","13":"product-type-simple"},"_links":{"self":[{"href":"https:\/\/hammocknest.com\/ro\/wp-json\/wp\/v2\/product\/12069","targetHints":{"allow":["GET"]}}],"collection":[{"href":"https:\/\/hammocknest.com\/ro\/wp-json\/wp\/v2\/product"}],"about":[{"href":"https:\/\/hammocknest.com\/ro\/wp-json\/wp\/v2\/types\/product"}],"replies":[{"embeddable":true,"href":"https:\/\/hammocknest.com\/ro\/wp-json\/wp\/v2\/comments?post=12069"}],"wp:featuredmedia":[{"embeddable":true,"href":"https:\/\/hammocknest.com\/ro\/wp-json\/wp\/v2\/media\/12358"}],"wp:attachment":[{"href":"https:\/\/hammocknest.com\/ro\/wp-json\/wp\/v2\/media?parent=12069"}],"wp:term":[{"taxonomy":"product_brand","embeddable":true,"href":"https:\/\/hammocknest.com\/ro\/wp-json\/wp\/v2\/product_brand?post=12069"},{"taxonomy":"product_cat","embeddable":true,"href":"https:\/\/hammocknest.com\/ro\/wp-json\/wp\/v2\/product_cat?post=12069"},{"taxonomy":"product_tag","embeddable":true,"href":"https:\/\/hammocknest.com\/ro\/wp-json\/wp\/v2\/product_tag?post=12069"}],"curies":[{"name":"wp","href":"https:\/\/api.w.org\/{rel}","templated":true}]}}