{"id":12039,"date":"2026-04-20T11:48:23","date_gmt":"2026-04-20T11:48:23","guid":{"rendered":"https:\/\/hammocknest.com\/ro\/?post_type=product&#038;p=12039"},"modified":"2026-04-20T11:58:56","modified_gmt":"2026-04-20T11:58:56","slug":"hamaca-de-calatorie-bobby-perfecta-pentru-aventurile-tale","status":"publish","type":"product","link":"https:\/\/hammocknest.com\/ro\/product\/hamaca-de-calatorie-bobby-perfecta-pentru-aventurile-tale\/","title":{"rendered":"Hamaca de C\u0103l\u0103torie | Bobby &#8211; Perfect\u0103 pentru Aventurile Tale"},"content":{"rendered":"","protected":false},"excerpt":{"rendered":"","protected":false},"featured_media":12328,"comment_status":"closed","ping_status":"closed","template":"","meta":[],"product_brand":[],"product_cat":[289],"product_tag":[281],"class_list":{"0":"post-12039","1":"product","2":"type-product","3":"status-publish","4":"has-post-thumbnail","6":"product_cat-hamace-pe-suport","7":"product_tag-hamac-moustiquaire","9":"first","10":"instock","11":"taxable","12":"shipping-taxable","13":"purchasable","14":"product-type-variable"},"_links":{"self":[{"href":"https:\/\/hammocknest.com\/ro\/wp-json\/wp\/v2\/product\/12039","targetHints":{"allow":["GET"]}}],"collection":[{"href":"https:\/\/hammocknest.com\/ro\/wp-json\/wp\/v2\/product"}],"about":[{"href":"https:\/\/hammocknest.com\/ro\/wp-json\/wp\/v2\/types\/product"}],"replies":[{"embeddable":true,"href":"https:\/\/hammocknest.com\/ro\/wp-json\/wp\/v2\/comments?post=12039"}],"wp:featuredmedia":[{"embeddable":true,"href":"https:\/\/hammocknest.com\/ro\/wp-json\/wp\/v2\/media\/12328"}],"wp:attachment":[{"href":"https:\/\/hammocknest.com\/ro\/wp-json\/wp\/v2\/media?parent=12039"}],"wp:term":[{"taxonomy":"product_brand","embeddable":true,"href":"https:\/\/hammocknest.com\/ro\/wp-json\/wp\/v2\/product_brand?post=12039"},{"taxonomy":"product_cat","embeddable":true,"href":"https:\/\/hammocknest.com\/ro\/wp-json\/wp\/v2\/product_cat?post=12039"},{"taxonomy":"product_tag","embeddable":true,"href":"https:\/\/hammocknest.com\/ro\/wp-json\/wp\/v2\/product_tag?post=12039"}],"curies":[{"name":"wp","href":"https:\/\/api.w.org\/{rel}","templated":true}]}}