{"id":12004,"date":"2026-04-20T11:48:09","date_gmt":"2026-04-20T11:48:09","guid":{"rendered":"https:\/\/hammocknest.com\/ro\/?post_type=product&#038;p=12004"},"modified":"2026-04-20T11:51:05","modified_gmt":"2026-04-20T11:51:05","slug":"reducator-de-hamaca-bastet-imbunatatiti-relaxarea","status":"publish","type":"product","link":"https:\/\/hammocknest.com\/ro\/product\/reducator-de-hamaca-bastet-imbunatatiti-relaxarea\/","title":{"rendered":"Reduc\u0103tor de Hamaca | Bastet &#8211; \u00cembun\u0103t\u0103\u021bi\u021bi Relaxarea"},"content":{"rendered":"","protected":false},"excerpt":{"rendered":"","protected":false},"featured_media":12293,"comment_status":"closed","ping_status":"closed","template":"","meta":[],"product_brand":[],"product_cat":[],"product_tag":[280],"class_list":{"0":"post-12004","1":"product","2":"type-product","3":"status-publish","4":"has-post-thumbnail","6":"product_tag-fixation-hamac","8":"first","9":"instock","10":"taxable","11":"shipping-taxable","12":"purchasable","13":"product-type-simple"},"_links":{"self":[{"href":"https:\/\/hammocknest.com\/ro\/wp-json\/wp\/v2\/product\/12004","targetHints":{"allow":["GET"]}}],"collection":[{"href":"https:\/\/hammocknest.com\/ro\/wp-json\/wp\/v2\/product"}],"about":[{"href":"https:\/\/hammocknest.com\/ro\/wp-json\/wp\/v2\/types\/product"}],"replies":[{"embeddable":true,"href":"https:\/\/hammocknest.com\/ro\/wp-json\/wp\/v2\/comments?post=12004"}],"wp:featuredmedia":[{"embeddable":true,"href":"https:\/\/hammocknest.com\/ro\/wp-json\/wp\/v2\/media\/12293"}],"wp:attachment":[{"href":"https:\/\/hammocknest.com\/ro\/wp-json\/wp\/v2\/media?parent=12004"}],"wp:term":[{"taxonomy":"product_brand","embeddable":true,"href":"https:\/\/hammocknest.com\/ro\/wp-json\/wp\/v2\/product_brand?post=12004"},{"taxonomy":"product_cat","embeddable":true,"href":"https:\/\/hammocknest.com\/ro\/wp-json\/wp\/v2\/product_cat?post=12004"},{"taxonomy":"product_tag","embeddable":true,"href":"https:\/\/hammocknest.com\/ro\/wp-json\/wp\/v2\/product_tag?post=12004"}],"curies":[{"name":"wp","href":"https:\/\/api.w.org\/{rel}","templated":true}]}}