{"id":11971,"date":"2026-04-20T11:47:51","date_gmt":"2026-04-20T11:47:51","guid":{"rendered":"https:\/\/hammocknest.com\/ro\/?post_type=product&#038;p=11971"},"modified":"2026-04-20T11:58:49","modified_gmt":"2026-04-20T11:58:49","slug":"hamac-pentru-baie-pentru-bebelusi-jules-roz-perfect-pentru-apa-impotriva-colicilor-patuturi-si-formule-pentru-bebelusi","status":"publish","type":"product","link":"https:\/\/hammocknest.com\/ro\/product\/hamac-pentru-baie-pentru-bebelusi-jules-roz-perfect-pentru-apa-impotriva-colicilor-patuturi-si-formule-pentru-bebelusi\/","title":{"rendered":"Hamac pentru baie pentru bebelu\u0219i | Jules &#8211; Roz &#8211; Perfect pentru ap\u0103 \u00eempotriva colicilor, p\u0103tu\u021buri \u0219i formule pentru bebelu\u0219i"},"content":{"rendered":"","protected":false},"excerpt":{"rendered":"","protected":false},"featured_media":12260,"comment_status":"closed","ping_status":"closed","template":"","meta":[],"product_brand":[],"product_cat":[],"product_tag":[285],"class_list":{"0":"post-11971","1":"product","2":"type-product","3":"status-publish","4":"has-post-thumbnail","6":"product_tag-hamac-bebe","8":"first","9":"instock","10":"taxable","11":"shipping-taxable","12":"purchasable","13":"product-type-variable"},"_links":{"self":[{"href":"https:\/\/hammocknest.com\/ro\/wp-json\/wp\/v2\/product\/11971","targetHints":{"allow":["GET"]}}],"collection":[{"href":"https:\/\/hammocknest.com\/ro\/wp-json\/wp\/v2\/product"}],"about":[{"href":"https:\/\/hammocknest.com\/ro\/wp-json\/wp\/v2\/types\/product"}],"replies":[{"embeddable":true,"href":"https:\/\/hammocknest.com\/ro\/wp-json\/wp\/v2\/comments?post=11971"}],"wp:featuredmedia":[{"embeddable":true,"href":"https:\/\/hammocknest.com\/ro\/wp-json\/wp\/v2\/media\/12260"}],"wp:attachment":[{"href":"https:\/\/hammocknest.com\/ro\/wp-json\/wp\/v2\/media?parent=11971"}],"wp:term":[{"taxonomy":"product_brand","embeddable":true,"href":"https:\/\/hammocknest.com\/ro\/wp-json\/wp\/v2\/product_brand?post=11971"},{"taxonomy":"product_cat","embeddable":true,"href":"https:\/\/hammocknest.com\/ro\/wp-json\/wp\/v2\/product_cat?post=11971"},{"taxonomy":"product_tag","embeddable":true,"href":"https:\/\/hammocknest.com\/ro\/wp-json\/wp\/v2\/product_tag?post=11971"}],"curies":[{"name":"wp","href":"https:\/\/api.w.org\/{rel}","templated":true}]}}